{"id":2427,"date":"2024-11-27T14:10:46","date_gmt":"2024-11-27T13:10:46","guid":{"rendered":"https:\/\/www.pyxa.ch\/datenschutzrichtlinie\/"},"modified":"2025-06-29T23:54:05","modified_gmt":"2025-06-29T21:54:05","slug":"datenschutzrichtlinie","status":"publish","type":"page","link":"https:\/\/www.pyxa.ch\/de\/datenschutzrichtlinie\/","title":{"rendered":"Datenschutzrichtlinie"},"content":{"rendered":"\n<div class=\"wp-block-group has-global-padding is-layout-constrained wp-block-group-is-layout-constrained\">\n<h2 class=\"wp-block-heading\"><strong>Datenschutzrichtlinie<\/strong><\/h2>\n\n\n\n<p>Bei Pyxa SA (&#8222;wir&#8220;, &#8222;uns&#8220; oder &#8222;unser&#8220;) respektieren wir Ihre Privatsph\u00e4re und verpflichten uns, die pers\u00f6nlichen Daten, die Sie mit uns teilen, zu sch\u00fctzen. Diese Datenschutzrichtlinie beschreibt, wie wir Ihre Informationen sammeln, verwenden, speichern und weitergeben, in \u00dcbereinstimmung mit der geltenden Schweizer Gesetzgebung, insbesondere dem <a href=\"https:\/\/www.fedlex.admin.ch\/eli\/oc\/2022\/491\/fr\" target=\"_blank\" data-schema-attribute=\"mentions\" rel=\"noreferrer noopener\">Bundesgesetz \u00fcber den Datenschutz (DSG)<\/a>.<\/p>\n\n\n\n<hr class=\"wp-block-separator has-alpha-channel-opacity\"\/>\n\n\n\n<h3 class=\"wp-block-heading\"><strong>1. Informationen, die wir sammeln<\/strong><\/h3>\n\n\n\n<p>Wir sammeln verschiedene Arten von Informationen:<\/p>\n\n\n\n<ul class=\"wp-block-list\">\n<li><strong>Informationen, die Sie direkt bereitstellen<\/strong>: Wenn Sie unsere Dienste nutzen oder unser Team kontaktieren, k\u00f6nnen wir Informationen wie Ihren Namen, Ihre E-Mail-Adresse, Ihre Telefonnummer und andere relevante Details sammeln.<\/li>\n\n\n\n<li><strong>Automatisch gesammelte Informationen<\/strong>: Wenn Sie unsere Website besuchen, sammeln wir automatisch Daten wie Ihre IP-Adresse, den Browsertyp, die aufgerufenen Seiten und die auf der Website verbrachte Zeit mit Hilfe von Cookies und \u00e4hnlichen Technologien.<\/li>\n<\/ul>\n\n\n\n<hr class=\"wp-block-separator has-alpha-channel-opacity\"\/>\n\n\n\n<h3 class=\"wp-block-heading\"><strong>2. Wie verwenden wir Ihre Informationen?<\/strong><\/h3>\n\n\n\n<p>Wir verwenden Ihre Daten f\u00fcr :<\/p>\n\n\n\n<ul class=\"wp-block-list\">\n<li>Bereitstellung, Verbesserung und Personalisierung unserer Dienstleistungen.<\/li>\n\n\n\n<li>um mit Ihnen zu kommunizieren, einschlie\u00dflich der Beantwortung Ihrer Anfragen oder Fragen.<\/li>\n\n\n\n<li>Einhaltung unserer gesetzlichen Verpflichtungen.<\/li>\n\n\n\n<li>Analyse der Interaktionen auf unserer Website, um die Benutzererfahrung zu verbessern.<\/li>\n<\/ul>\n\n\n\n<hr class=\"wp-block-separator has-alpha-channel-opacity\"\/>\n\n\n\n<h3 class=\"wp-block-heading\"><strong>3. Weitergabe Ihrer Informationen<\/strong><\/h3>\n\n\n\n<p>Wir geben Ihre pers\u00f6nlichen Daten nicht an Dritte weiter, au\u00dfer in den folgenden F\u00e4llen:<\/p>\n\n\n\n<ul class=\"wp-block-list\">\n<li>Mit Ihrer ausdr\u00fccklichen Zustimmung.<\/li>\n\n\n\n<li>Wenn dies f\u00fcr die Erbringung unserer Dienstleistungen erforderlich ist (z.B. mit sicheren Drittanbietern).<\/li>\n\n\n\n<li>Um gesetzlichen oder regulatorischen Verpflichtungen nachzukommen.<\/li>\n<\/ul>\n\n\n\n<hr class=\"wp-block-separator has-alpha-channel-opacity\"\/>\n\n\n\n<h3 class=\"wp-block-heading\"><strong>4. Cookies und \u00e4hnliche Technologien<\/strong><\/h3>\n\n\n\n<p>Wir verwenden Cookies, um :<\/p>\n\n\n\n<ul class=\"wp-block-list\">\n<li>Verbesserung der Funktionalit\u00e4t der Website.<\/li>\n\n\n\n<li>Verfolgen Sie die Leistung der Website.<\/li>\n\n\n\n<li>Ein pers\u00f6nliches Erlebnis bieten.<\/li>\n<\/ul>\n\n\n\n<p>Wir verwenden auch Tracking-Technologien wie <strong>Meta Pixel (ehemals Facebook Pixel)<\/strong>, um die Effektivit\u00e4t unserer Marketingkampagnen zu messen und Ihnen personalisierte Werbung in sozialen Netzwerken anzubieten. Diese Technologien erm\u00f6glichen es Meta Platforms Inc., Informationen \u00fcber Ihre Interaktionen mit unserer Website (z. B. besuchte Seiten, Konversionen usw.) zu sammeln und diese Informationen mit Ihrem Benutzerprofil zu verkn\u00fcpfen, wenn Sie bei Facebook oder Instagram angemeldet sind.  <\/p>\n\n\n\n<p>Diese Marketing-Cookies werden <strong>nur mit Ihrer ausdr\u00fccklichen Zustimmung<\/strong> in \u00dcbereinstimmung mit den geltenden Gesetzen aktiviert. Sie k\u00f6nnen Ihre Pr\u00e4ferenzen verwalten oder Ihre Zustimmung jederzeit \u00fcber unser Cookie-Banner zur\u00fcckziehen. <\/p>\n\n\n\n<p>Weitere Informationen \u00fcber die Nutzung von Daten durch Meta finden Sie in der <a href=\"https:\/\/www.facebook.com\/privacy\/policy\" target=\"_blank\" rel=\"noopener\">Datenschutzrichtlinie von Meta<\/a>.<\/p>\n\n\n\n<p>Sie k\u00f6nnen Ihre Cookie-Einstellungen \u00fcber die Einstellungen Ihres Browsers verwalten oder unsere <a href=\"https:\/\/www.pyxa.ch\/de\/cookie-richtlinie\/\" data-type=\"page\" data-id=\"10\" data-schema-attribute=\"mentions\">Cookie-Richtlinie lesen, um mehr \u00fcber die Verwendung von Cookies<\/a> zu erfahren.<\/p>\n\n\n\n<hr class=\"wp-block-separator has-alpha-channel-opacity\"\/>\n\n\n\n<h3 class=\"wp-block-heading\"><strong>5. Ihre Rechte<\/strong><\/h3>\n\n\n\n<p>Sie haben das Recht, :<\/p>\n\n\n\n<ul class=\"wp-block-list\">\n<li>Zugriff auf Ihre pers\u00f6nlichen Daten.<\/li>\n\n\n\n<li>Ihre Informationen korrigieren oder aktualisieren.<\/li>\n\n\n\n<li>Die L\u00f6schung Ihrer Daten beantragen.<\/li>\n\n\n\n<li>Sie k\u00f6nnen sich der Verarbeitung widersetzen oder eine Einschr\u00e4nkung der Verarbeitung verlangen.<\/li>\n<\/ul>\n\n\n\n<p>Um Ihre Rechte auszu\u00fcben, kontaktieren Sie uns bitte unter: <a href=\"mailto:info@pyxa.ch\">info@pyxa.ch<\/a>.<\/p>\n\n\n\n<hr class=\"wp-block-separator has-alpha-channel-opacity\"\/>\n\n\n\n<h3 class=\"wp-block-heading\"><strong>6. Datensicherheit<\/strong><\/h3>\n\n\n\n<p>Wir ergreifen technische und organisatorische Ma\u00dfnahmen, um Ihre Daten vor unbefugtem Zugriff, Verlust oder \u00c4nderung zu sch\u00fctzen.<\/p>\n\n\n\n<hr class=\"wp-block-separator has-alpha-channel-opacity\"\/>\n\n\n\n<h3 class=\"wp-block-heading\"><strong>7. Dauer der Aufbewahrung<\/strong><\/h3>\n\n\n\n<p>Wir bewahren Ihre pers\u00f6nlichen Daten nur so lange auf, wie es notwendig ist, um die in dieser Richtlinie festgelegten Zwecke zu erf\u00fcllen oder um unseren gesetzlichen Verpflichtungen nachzukommen.<\/p>\n\n\n\n<hr class=\"wp-block-separator has-alpha-channel-opacity\"\/>\n\n\n\n<h3 class=\"wp-block-heading\"><strong>8. \u00c4nderungen dieser Politik<\/strong><\/h3>\n\n\n\n<p>Wir k\u00f6nnen diese Datenschutzrichtlinie von Zeit zu Zeit aktualisieren. Alle \u00c4nderungen werden auf dieser Seite mit dem Datum der Aktualisierung ver\u00f6ffentlicht. <\/p>\n\n\n\n<p><strong>Letzte Aktualisierung: 10.01.2024<\/strong><\/p>\n\n\n\n<hr class=\"wp-block-separator has-alpha-channel-opacity\"\/>\n\n\n\n<h3 class=\"wp-block-heading\"><strong>9. Kontakt<\/strong><\/h3>\n\n\n\n<p>Wenn Sie Fragen oder W\u00fcnsche zu dieser Richtlinie haben, kontaktieren Sie uns bitte unter :<\/p>\n\n\n\n<p>Pyxa SA<br\/>Rue des Sablons 12, 3960 Sierre<br\/><a href=\"mailto:info@pyxa.ch\">info@pyxa.ch<\/a><\/p>\n<\/div>\n\n<div style=\"height:30px\" aria-hidden=\"true\" class=\"wp-block-spacer\"><\/div>\n","protected":false},"excerpt":{"rendered":"<p>Datenschutzrichtlinie Bei Pyxa SA (&#8222;wir&#8220;, &#8222;uns&#8220; oder &#8222;unser&#8220;) respektieren wir Ihre Privatsph\u00e4re und verpflichten uns, die pers\u00f6nlichen Daten, die Sie mit uns teilen, zu sch\u00fctzen. Diese Datenschutzrichtlinie beschreibt, wie wir Ihre Informationen sammeln, verwenden, speichern und weitergeben, in \u00dcbereinstimmung mit der geltenden Schweizer Gesetzgebung, insbesondere dem Bundesgesetz \u00fcber den Datenschutz (DSG). 1. Informationen, die wir [&hellip;]<\/p>\n","protected":false},"author":1,"featured_media":0,"parent":0,"menu_order":0,"comment_status":"closed","ping_status":"closed","template":"","meta":{"_uag_custom_page_level_css":"","footnotes":""},"class_list":["post-2427","page","type-page","status-publish","hentry"],"spectra_custom_meta":{"_wpml_media_duplicate":["1"],"_wpml_media_featured":["1"],"_top_nav_excluded":[""],"_cms_nav_minihome":[""],"_last_translation_edit_mode":["translation-editor"],"_wp_page_template":[""],"_tsf_title_no_blogname":["1"],"cmplz_hide_cookiebanner":[""],"litespeed_vpi_list":["a:1:{i:0;s:15:\"Pyxa-Logo-1.svg\";}"],"_wpml_word_count":["693"],"rank_math_seo_score":["66"],"_edit_lock":["1746989667:1"],"_edit_last":["1"],"rank_math_analytic_object_id":["69"],"rank_math_auto_redirect":["a:1:{i:0;i:9;}"],"_genesis_title":["Datenschutzerkl\u00e4rung | Datenschutz - Pyxa"],"_genesis_description":["Erfahren Sie, wie Pyxa Ihre pers\u00f6nlichen Daten sammelt, verwendet und sch\u00fctzt. Lesen Sie unsere Datenschutzerkl\u00e4rung, um mehr zu erfahren."],"rank_math_title":["Datenschutzerkl\u00e4rung | Datenschutz - Pyxa"],"rank_math_description":["Erfahren Sie, wie Pyxa Ihre pers\u00f6nlichen Daten sammelt, verwendet und sch\u00fctzt. Lesen Sie unsere Datenschutzerkl\u00e4rung, um mehr zu erfahren."],"rank_math_focus_keyword":["Datenschutzrichtlinie,Privatsph\u00e4re"],"_uag_css_file_name":["uag-css-2427.css"],"rank_math_internal_links_processed":["1"],"_uag_page_assets":["a:9:{s:3:\"css\";s:263:\".uag-blocks-common-selector{z-index:var(--z-index-desktop) !important}@media (max-width: 976px){.uag-blocks-common-selector{z-index:var(--z-index-tablet) !important}}@media (max-width: 767px){.uag-blocks-common-selector{z-index:var(--z-index-mobile) !important}}\n\";s:2:\"js\";s:0:\"\";s:18:\"current_block_list\";a:22:{i:0;s:10:\"core\/group\";i:4;s:22:\"wpml\/language-switcher\";i:6;s:14:\"core\/site-logo\";i:8;s:15:\"core\/navigation\";i:11;s:14:\"core\/paragraph\";i:12;s:15:\"core\/post-title\";i:15;s:17:\"core\/post-content\";i:18;s:12:\"core\/columns\";i:19;s:11:\"core\/column\";i:20;s:17:\"core\/social-links\";i:21;s:16:\"core\/social-link\";i:25;s:12:\"core\/heading\";i:26;s:11:\"core\/spacer\";i:27;s:10:\"core\/image\";i:28;s:14:\"core\/separator\";i:29;s:9:\"core\/list\";i:30;s:14:\"core\/list-item\";i:31;s:11:\"core\/search\";i:32;s:17:\"core\/latest-posts\";i:33;s:20:\"core\/latest-comments\";i:34;s:13:\"core\/archives\";i:35;s:15:\"core\/categories\";}s:8:\"uag_flag\";b:0;s:11:\"uag_version\";s:10:\"1775728557\";s:6:\"gfonts\";a:0:{}s:10:\"gfonts_url\";s:0:\"\";s:12:\"gfonts_files\";a:0:{}s:14:\"uag_faq_layout\";b:0;}"]},"uagb_featured_image_src":{"full":false,"thumbnail":false,"medium":false,"medium_large":false,"large":false,"1536x1536":false,"2048x2048":false},"uagb_author_info":{"display_name":"Andreas Fischer","author_link":"https:\/\/www.pyxa.ch\/de\/author\/infopyxa-ch\/"},"uagb_comment_info":0,"uagb_excerpt":"Datenschutzrichtlinie Bei Pyxa SA (&#8222;wir&#8220;, &#8222;uns&#8220; oder &#8222;unser&#8220;) respektieren wir Ihre Privatsph\u00e4re und verpflichten uns, die pers\u00f6nlichen Daten, die Sie mit uns teilen, zu sch\u00fctzen. Diese Datenschutzrichtlinie beschreibt, wie wir Ihre Informationen sammeln, verwenden, speichern und weitergeben, in \u00dcbereinstimmung mit der geltenden Schweizer Gesetzgebung, insbesondere dem Bundesgesetz \u00fcber den Datenschutz (DSG). 1. Informationen, die wir&hellip;","_links":{"self":[{"href":"https:\/\/www.pyxa.ch\/de\/wp-json\/wp\/v2\/pages\/2427","targetHints":{"allow":["GET"]}}],"collection":[{"href":"https:\/\/www.pyxa.ch\/de\/wp-json\/wp\/v2\/pages"}],"about":[{"href":"https:\/\/www.pyxa.ch\/de\/wp-json\/wp\/v2\/types\/page"}],"author":[{"embeddable":true,"href":"https:\/\/www.pyxa.ch\/de\/wp-json\/wp\/v2\/users\/1"}],"replies":[{"embeddable":true,"href":"https:\/\/www.pyxa.ch\/de\/wp-json\/wp\/v2\/comments?post=2427"}],"version-history":[{"count":2,"href":"https:\/\/www.pyxa.ch\/de\/wp-json\/wp\/v2\/pages\/2427\/revisions"}],"predecessor-version":[{"id":6353,"href":"https:\/\/www.pyxa.ch\/de\/wp-json\/wp\/v2\/pages\/2427\/revisions\/6353"}],"wp:attachment":[{"href":"https:\/\/www.pyxa.ch\/de\/wp-json\/wp\/v2\/media?parent=2427"}],"curies":[{"name":"wp","href":"https:\/\/api.w.org\/{rel}","templated":true}]}}