{"id":2405,"date":"2024-12-16T00:22:33","date_gmt":"2024-12-15T23:22:33","guid":{"rendered":"https:\/\/www.pyxa.ch\/produkte\/"},"modified":"2025-04-14T16:45:29","modified_gmt":"2025-04-14T14:45:29","slug":"produkte","status":"publish","type":"page","link":"https:\/\/www.pyxa.ch\/de\/produkte\/","title":{"rendered":"Produkte"},"content":{"rendered":"\n<div class=\"wp-block-cover alignfull\" style=\"padding-top:180px;padding-bottom:var(--wp--preset--spacing--80)\"><span aria-hidden=\"true\" class=\"wp-block-cover__background has-base-background-color has-background-dim\"><\/span><img decoding=\"async\" width=\"1200\" height=\"738\" class=\"wp-block-cover__image-background wp-image-1966\" alt=\"Hexagonal background - Pyxa\" src=\"https:\/\/www.pyxa.ch\/wp-content\/uploads\/2025\/01\/pyxa.jpg\" data-object-fit=\"cover\" title=\"\" srcset=\"https:\/\/www.pyxa.ch\/wp-content\/uploads\/2025\/01\/pyxa.jpg 1200w, https:\/\/www.pyxa.ch\/wp-content\/uploads\/2025\/01\/pyxa-300x185.jpg 300w, https:\/\/www.pyxa.ch\/wp-content\/uploads\/2025\/01\/pyxa-1024x630.jpg 1024w, https:\/\/www.pyxa.ch\/wp-content\/uploads\/2025\/01\/pyxa-768x472.jpg 768w\" sizes=\"(max-width: 1200px) 100vw, 1200px\" \/><div class=\"wp-block-cover__inner-container has-global-padding is-layout-constrained wp-block-cover-is-layout-constrained\">\n<div class=\"wp-block-columns is-layout-flex wp-container-core-columns-is-layout-28f84493 wp-block-columns-is-layout-flex\">\n<div class=\"wp-block-column is-layout-flow wp-block-column-is-layout-flow\" style=\"flex-basis:70%\">\n<h1 class=\"wp-block-heading animated fadeInRight duration2 has-text-color has-link-color wp-elements-f39747bef7d7343b25ac58af8df3d1e1\" style=\"color:#eaeaea;font-size:clamp(2.111rem, 2.111rem + ((1vw - 0.2rem) * 3.071), 3.8rem);\"><strong>Unsere Produkte, Ihre L\u00f6sungen<\/strong><\/h1>\n\n\n\n<p class=\"animated fadeInRight duration2 delay1\" style=\"padding-top:var(--wp--preset--spacing--40);padding-bottom:var(--wp--preset--spacing--20)\">Entdecken Sie zuverl\u00e4ssige und ma\u00dfgeschneiderte Online-Tools f\u00fcr Ihr Unternehmen.<\/p>\n<\/div>\n\n\n\n<div class=\"wp-block-column is-layout-flow wp-block-column-is-layout-flow\" style=\"flex-basis:20%\"><\/div>\n<\/div>\n<\/div><\/div>\n\n<div class=\"wp-block-group has-global-padding is-layout-constrained wp-block-group-is-layout-constrained\" style=\"margin-top:var(--wp--preset--spacing--50);margin-bottom:var(--wp--preset--spacing--50)\">\n<h2 class=\"wp-block-heading has-xx-large-font-size\">In K\u00fcrze verf\u00fcgbar: <br\/>L\u00f6sungen, die Ihren Alltag erleichtern.<\/h2>\n\n\n\n<p>Wir arbeiten an einer Reihe von innovativen Werkzeugen, um Ihre Herausforderungen in Chancen zu verwandeln. Bleiben Sie auf dem Laufenden, um mehr \u00fcber unsere Neuheiten zu erfahren. <\/p>\n<\/div>\n\n<div class=\"wp-block-group alignfull has-base-background-color has-background has-global-padding is-layout-constrained wp-container-core-group-is-layout-c6787eed wp-block-group-is-layout-constrained\" style=\"padding-top:var(--wp--preset--spacing--60);padding-right:0;padding-bottom:var(--wp--preset--spacing--60);padding-left:0\">\n<div class=\"wp-block-group has-base-color has-accent-1-background-color has-text-color has-background has-link-color wp-elements-c9d124ed631b4d6573bcb235faa22d9b has-global-padding is-layout-constrained wp-container-core-group-is-layout-f611be13 wp-block-group-is-layout-constrained\" style=\"border-radius:16px;padding-top:var(--wp--preset--spacing--50);padding-right:var(--wp--preset--spacing--50);padding-bottom:var(--wp--preset--spacing--50);padding-left:var(--wp--preset--spacing--50)\">\n<h2 class=\"wp-block-heading animated fadeInRight duration1 eds-on-scroll\" style=\"padding-bottom:var(--wp--preset--spacing--40);font-size:clamp(2.2rem, 2.2rem + ((1vw - 0.2rem) * 3.273), 4rem);\"><strong>Sind Sie bereit, Ihr Projekt zu starten?<\/strong><\/h2>\n\n\n\n<div class=\"wp-block-group  animated fadeInRight duration1 eds-on-scroll is-style-default has-global-padding is-layout-constrained wp-block-group-is-layout-constrained\">\n<div class=\"wp-block-group has-global-padding is-layout-constrained wp-block-group-is-layout-constrained\">\n<div class=\"wp-block-contact-form-7-contact-form-selector cta-form\"><p class=\"wpcf7-contact-form-not-found\"><strong>Fehler:<\/strong> Kontaktformular wurde nicht gefunden.<\/p><\/div>\n<\/div>\n<\/div>\n<\/div>\n<\/div>\n","protected":false},"excerpt":{"rendered":"<p>In K\u00fcrze verf\u00fcgbar: L\u00f6sungen, die Ihren Alltag erleichtern. Wir arbeiten an einer Reihe von innovativen Werkzeugen, um Ihre Herausforderungen in Chancen zu verwandeln. Bleiben Sie auf dem Laufenden, um mehr \u00fcber unsere Neuheiten zu erfahren.<\/p>\n","protected":false},"author":1,"featured_media":0,"parent":0,"menu_order":0,"comment_status":"closed","ping_status":"closed","template":"wp-custom-template-page-floating-menu","meta":{"_uag_custom_page_level_css":"","footnotes":""},"class_list":["post-2405","page","type-page","status-publish","hentry"],"spectra_custom_meta":{"_wpml_media_duplicate":["1"],"_wpml_media_featured":["1"],"_top_nav_excluded":[""],"_cms_nav_minihome":[""],"_wp_page_template":["wp-custom-template-page-floating-menu"],"_last_translation_edit_mode":["native-editor"],"_wpml_media_has_media":["1"],"cmplz_hide_cookiebanner":[""],"litespeed_vpi_list":["a:2:{i:0;s:19:\"pyxa-logo-white.png\";i:1;s:8:\"pyxa.jpg\";}"],"_edit_lock":["1744641930:1"],"_wpml_word_count":["65"],"rank_math_og_content_image":["a:2:{s:5:\"check\";s:32:\"9649b041e32038ed18f48767b257066d\";s:6:\"images\";a:1:{i:0;i:1966;}}"],"_genesis_title":["Digitale Tools zur F\u00f6rderung Ihres Unternehmens"],"_genesis_description":["Entdecken Sie die Produkte von Pyxa: innovative, leistungsf\u00e4hige und mehrsprachige digitale Tools, die entwickelt wurden, um Ihre Prozesse zu vereinfachen und Ihr Wachstum zu unterst\u00fctzen."],"rank_math_title":["Unsere Produkte zur F\u00f6rderung Ihres Unternehmens %sep% %sitename%"],"rank_math_description":["Entdecken Sie die Produkte von Pyxa: innovative, leistungsf\u00e4hige und mehrsprachige digitale Tools, die entwickelt wurden, um Ihre Prozesse zu vereinfachen und Ihr Wachstum zu unterst\u00fctzen."],"rank_math_focus_keyword":["Produkte"],"rank_math_seo_score":["68"],"_edit_last":["1"],"rank_math_analytic_object_id":["57"],"_uag_css_file_name":["uag-css-2405.css"],"rank_math_internal_links_processed":["1"],"_uag_page_assets":["a:9:{s:3:\"css\";s:263:\".uag-blocks-common-selector{z-index:var(--z-index-desktop) !important}@media (max-width: 976px){.uag-blocks-common-selector{z-index:var(--z-index-tablet) !important}}@media (max-width: 767px){.uag-blocks-common-selector{z-index:var(--z-index-mobile) !important}}\n\";s:2:\"js\";s:0:\"\";s:18:\"current_block_list\";a:20:{i:0;s:10:\"core\/group\";i:3;s:22:\"wpml\/language-switcher\";i:5;s:14:\"core\/site-logo\";i:7;s:15:\"core\/navigation\";i:9;s:17:\"core\/post-content\";i:12;s:12:\"core\/columns\";i:13;s:11:\"core\/column\";i:14;s:14:\"core\/paragraph\";i:15;s:17:\"core\/social-links\";i:16;s:16:\"core\/social-link\";i:20;s:12:\"core\/heading\";i:21;s:11:\"core\/spacer\";i:22;s:10:\"core\/image\";i:23;s:10:\"core\/cover\";i:26;s:36:\"contact-form-7\/contact-form-selector\";i:27;s:11:\"core\/search\";i:28;s:17:\"core\/latest-posts\";i:29;s:20:\"core\/latest-comments\";i:30;s:13:\"core\/archives\";i:31;s:15:\"core\/categories\";}s:8:\"uag_flag\";b:0;s:11:\"uag_version\";s:10:\"1777099908\";s:6:\"gfonts\";a:0:{}s:10:\"gfonts_url\";s:0:\"\";s:12:\"gfonts_files\";a:0:{}s:14:\"uag_faq_layout\";b:0;}"]},"uagb_featured_image_src":{"full":false,"thumbnail":false,"medium":false,"medium_large":false,"large":false,"1536x1536":false,"2048x2048":false},"uagb_author_info":{"display_name":"Andreas Fischer","author_link":"https:\/\/www.pyxa.ch\/de\/author\/infopyxa-ch\/"},"uagb_comment_info":0,"uagb_excerpt":"In K\u00fcrze verf\u00fcgbar: L\u00f6sungen, die Ihren Alltag erleichtern. Wir arbeiten an einer Reihe von innovativen Werkzeugen, um Ihre Herausforderungen in Chancen zu verwandeln. Bleiben Sie auf dem Laufenden, um mehr \u00fcber unsere Neuheiten zu erfahren.","_links":{"self":[{"href":"https:\/\/www.pyxa.ch\/de\/wp-json\/wp\/v2\/pages\/2405","targetHints":{"allow":["GET"]}}],"collection":[{"href":"https:\/\/www.pyxa.ch\/de\/wp-json\/wp\/v2\/pages"}],"about":[{"href":"https:\/\/www.pyxa.ch\/de\/wp-json\/wp\/v2\/types\/page"}],"author":[{"embeddable":true,"href":"https:\/\/www.pyxa.ch\/de\/wp-json\/wp\/v2\/users\/1"}],"replies":[{"embeddable":true,"href":"https:\/\/www.pyxa.ch\/de\/wp-json\/wp\/v2\/comments?post=2405"}],"version-history":[{"count":0,"href":"https:\/\/www.pyxa.ch\/de\/wp-json\/wp\/v2\/pages\/2405\/revisions"}],"wp:attachment":[{"href":"https:\/\/www.pyxa.ch\/de\/wp-json\/wp\/v2\/media?parent=2405"}],"curies":[{"name":"wp","href":"https:\/\/api.w.org\/{rel}","templated":true}]}}