{"id":2396,"date":"2024-12-16T00:23:12","date_gmt":"2024-12-15T23:23:12","guid":{"rendered":"https:\/\/www.pyxa.ch\/ueber-pyxa\/"},"modified":"2025-07-21T09:04:47","modified_gmt":"2025-07-21T07:04:47","slug":"ueber-pyxa","status":"publish","type":"page","link":"https:\/\/www.pyxa.ch\/de\/ueber-pyxa\/","title":{"rendered":"\u00dcber Pyxa"},"content":{"rendered":"\n<div class=\"wp-block-cover alignfull\" style=\"padding-top:180px;padding-bottom:var(--wp--preset--spacing--80)\"><img decoding=\"async\" width=\"1920\" height=\"1280\" class=\"wp-block-cover__image-background wp-image-2856\" alt=\"\" src=\"https:\/\/www.pyxa.ch\/wp-content\/uploads\/2025\/02\/pyxa-bg.jpg\" data-object-fit=\"cover\" title=\"\" srcset=\"https:\/\/www.pyxa.ch\/wp-content\/uploads\/2025\/02\/pyxa-bg.jpg 1920w, https:\/\/www.pyxa.ch\/wp-content\/uploads\/2025\/02\/pyxa-bg-300x200.jpg 300w, https:\/\/www.pyxa.ch\/wp-content\/uploads\/2025\/02\/pyxa-bg-1024x683.jpg 1024w, https:\/\/www.pyxa.ch\/wp-content\/uploads\/2025\/02\/pyxa-bg-768x512.jpg 768w, https:\/\/www.pyxa.ch\/wp-content\/uploads\/2025\/02\/pyxa-bg-1536x1024.jpg 1536w\" sizes=\"(max-width: 1920px) 100vw, 1920px\" \/><span aria-hidden=\"true\" class=\"wp-block-cover__background has-background-dim\" style=\"background-color:#171934\"><\/span><div class=\"wp-block-cover__inner-container has-global-padding is-layout-constrained wp-block-cover-is-layout-constrained\">\n<div class=\"wp-block-columns is-layout-flex wp-container-core-columns-is-layout-28f84493 wp-block-columns-is-layout-flex\">\n<div class=\"wp-block-column is-layout-flow wp-block-column-is-layout-flow\" style=\"flex-basis:60%\">\n<h1 class=\"wp-block-heading animated fadeInRight duration2 has-text-color has-link-color wp-elements-5882fa623af3b14363420b04c15badf6\" style=\"color:#eaeaea;font-size:clamp(2.111rem, 2.111rem + ((1vw - 0.2rem) * 3.071), 3.8rem);\"><strong>Schaffung von intuitiven und nat\u00fcrlichen technologischen L\u00f6sungen<\/strong><\/h1>\n\n\n\n<p class=\"animated fadeInRight duration2 delay1\" style=\"padding-top:var(--wp--preset--spacing--40);padding-bottom:var(--wp--preset--spacing--20)\">So sollte Technologie erlebt werden. Pyxa entwickelt innovative und intuitive digitale Werkzeuge, die Ihren Alltag vereinfachen und gleichzeitig Ihre Bed\u00fcrfnisse sowie die Ihrer Kunden erf\u00fcllen. <\/p>\n<\/div>\n\n\n\n<div class=\"wp-block-column is-layout-flow wp-block-column-is-layout-flow\" style=\"flex-basis:20%\"><\/div>\n<\/div>\n<\/div><\/div>\n\n<div id=\"history\" class=\"wp-block-group has-global-padding is-layout-constrained wp-block-group-is-layout-constrained\" style=\"padding-top:var(--wp--preset--spacing--50);padding-bottom:var(--wp--preset--spacing--50)\">\n<div class=\"wp-block-columns is-layout-flex wp-container-core-columns-is-layout-cbe57604 wp-block-columns-is-layout-flex\">\n<div class=\"wp-block-column is-vertically-aligned-center is-layout-flow wp-block-column-is-layout-flow\" style=\"padding-right:0;padding-left:0;flex-basis:55%\">\n<h2 class=\"wp-block-heading has-xx-large-font-size\">\u00dcber uns<\/h2>\n\n\n\n<p class=\" animated fadeInLeft duration1 eds-on-scroll \">Mit mehr als zehn Jahren Erfahrung im technischen Management und in der Entwicklung anspruchsvoller digitaler Projekte gr\u00fcndete <a href=\"https:\/\/www.linkedin.com\/in\/andreas-fischer\/\" target=\"_blank\" rel=\"noreferrer noopener\">Andreas Fischer<\/a>, Inhaber eines FH-Masters in Informations- und Kommunikationstechnologie, die <em>digitale Agentur<\/em> Pyxa im Jahr 2025 in Sierre. Davor war er Mitbegr\u00fcnder und leitete sieben Jahre lang ein Tourismusunternehmen, wo er ma\u00dfgeschneiderte Managementtools entwickelte. Auf der Grundlage dieser Erfahrung m\u00f6chte er mit Pyxa digitale L\u00f6sungen anbieten, die Einfachheit, Innovation und Leistung miteinander verbinden.<\/p>\n\n\n\n<p class=\" animated fadeInLeft duration1 eds-on-scroll \">Pyxa st\u00fctzt sich auf ein umfassendes Fachwissen \u00fcber Webtechnologien und die Herausforderungen, die moderne Unternehmen zu bew\u00e4ltigen haben. Unser Team ist auf mehrsprachige Websites und digitale L\u00f6sungen spezialisiert und entwirft Werkzeuge, die auf die spezifischen Bed\u00fcrfnisse jedes Sektors zugeschnitten sind.<\/p>\n\n\n\n<p class=\" animated fadeInLeft duration1 eds-on-scroll \">Mit einem rigorosen Ansatz und einem st\u00e4ndigen Engagement f\u00fcr Qualit\u00e4t unterst\u00fctzt Pyxa seine Kunden bei der Entwicklung von leistungsstarken und skalierbaren Anwendungen, die bereit sind, die Herausforderungen von heute und morgen zu meistern.<\/p>\n\n\n\n<p><a href=\"https:\/\/www.pyxa.ch\/de\/dienstleistungen\/\" data-type=\"link\" data-id=\"https:\/\/www.pyxa.ch\/services-accompagnement-digital\/\">Siehe unsere Dienstleistungen.<\/a><\/p>\n<\/div>\n\n\n\n<div class=\"wp-block-column is-vertically-aligned-center animated fadeInRight duration1 eds-on-scroll is-layout-flow wp-block-column-is-layout-flow\" style=\"padding-top:0;padding-bottom:0;flex-basis:45%\">\n<figure class=\"wp-block-image aligncenter size-full has-custom-border\" style=\"margin-top:0;margin-right:0;margin-bottom:0;margin-left:0\"><img decoding=\"async\" width=\"1200\" height=\"1200\" src=\"https:\/\/www.pyxa.ch\/wp-content\/uploads\/2025\/06\/Andreas-Fischer.jpg\" alt=\"Andreas Fischer\" class=\"wp-image-6340\" style=\"border-radius:16px\" title=\"\" srcset=\"https:\/\/www.pyxa.ch\/wp-content\/uploads\/2025\/06\/Andreas-Fischer.jpg 1200w, https:\/\/www.pyxa.ch\/wp-content\/uploads\/2025\/06\/Andreas-Fischer-300x300.jpg 300w, https:\/\/www.pyxa.ch\/wp-content\/uploads\/2025\/06\/Andreas-Fischer-1024x1024.jpg 1024w, https:\/\/www.pyxa.ch\/wp-content\/uploads\/2025\/06\/Andreas-Fischer-150x150.jpg 150w, https:\/\/www.pyxa.ch\/wp-content\/uploads\/2025\/06\/Andreas-Fischer-768x768.jpg 768w\" sizes=\"(max-width: 1200px) 100vw, 1200px\" \/><\/figure>\n<\/div>\n<\/div>\n<\/div>\n\n<div class=\"wp-block-group animated fadeInRight duration1 eds-on-scroll has-contrast-color has-base-background-color has-text-color has-background has-link-color wp-elements-66fdcf7ad43600ca0a651108e5acf477 has-global-padding is-layout-constrained wp-container-core-group-is-layout-0747478d wp-block-group-is-layout-constrained\" style=\"border-radius:16px;padding-top:var(--wp--preset--spacing--50);padding-right:var(--wp--preset--spacing--50);padding-bottom:var(--wp--preset--spacing--50);padding-left:var(--wp--preset--spacing--50)\">\n<blockquote class=\"wp-block-quote is-layout-flow wp-block-quote-is-layout-flow\">\n<p>Der Name &#8220; <mark style=\"background-color:rgba(0, 0, 0, 0);color:#ffd700\" class=\"has-inline-color\">Pyxa<\/mark> &#8220; leitet sich von &#8220; <mark style=\"background-color:rgba(0, 0, 0, 0);color:#ffd700\" class=\"has-inline-color\">pyxis nautica<\/mark> &#8220; ab, einem lateinischen Begriff, der f\u00fcr die ersten maritimen Kompasse verwendet wurde. Pyxa ist die perfekte Verk\u00f6rperung dieses Symbols: Vereinfachung der Digitalisierung durch klare und pr\u00e4zise F\u00fchrung unserer Kunden. Wie ein Kompass, der immer die richtige Richtung anzeigt, verwandelt Pyxa Ihre Ideen in ma\u00dfgeschneiderte, zuverl\u00e4ssige und zug\u00e4ngliche L\u00f6sungen, die Ihre Softwareentwicklung unterst\u00fctzen.<\/p>\n<\/blockquote>\n<\/div>\n\n<div class=\"wp-block-group alignfull has-contrast-background-color has-background has-global-padding is-layout-constrained wp-container-core-group-is-layout-c58ad305 wp-block-group-is-layout-constrained\" style=\"margin-top:var(--wp--preset--spacing--60);margin-bottom:var(--wp--preset--spacing--60);padding-top:var(--wp--preset--spacing--70);padding-right:0;padding-bottom:var(--wp--preset--spacing--70);padding-left:0\">\n<div class=\"wp-block-group alignfull has-global-padding is-layout-constrained wp-block-group-is-layout-constrained\">\n<h2 class=\"wp-block-heading has-xx-large-font-size\">Unsere Werte stehen im Mittelpunkt von allem, was wir tun.<\/h2>\n\n\n\n<p>Sie leiten unsere Entscheidungen, inspirieren unser Handeln und pr\u00e4gen unsere Zusammenarbeit mit Kunden und Partnern. Sie spiegeln unser Engagement wider, zuverl\u00e4ssige, innovative und ma\u00dfgeschneiderte L\u00f6sungen anzubieten. <\/p>\n\n\n\n<div class=\"wp-block-columns is-layout-flex wp-container-core-columns-is-layout-328c6305 wp-block-columns-is-layout-flex\" style=\"padding-top:var(--wp--preset--spacing--30)\">\n<div class=\"wp-block-column  animated fadeInDown duration1 eds-on-scroll is-layout-flow wp-block-column-is-layout-flow\">\n<figure class=\"wp-block-image aligncenter size-full is-resized  animated fadeInDown duration1 eds-on-scroll\"><img decoding=\"async\" src=\"https:\/\/www.pyxa.ch\/wp-content\/uploads\/2025\/01\/up-right-arrow.svg\" alt=\"\" class=\"wp-image-1638\" style=\"width:130px\" title=\"\"><\/figure>\n\n\n\n<h2 class=\"wp-block-heading has-text-align-center  animated fadeInDown duration1 eds-on-scroll\"><strong>Einfachheit<\/strong> bevorzugen<\/h2>\n\n\n\n<p class=\"has-text-align-center  animated fadeInDown duration1 eds-on-scroll \">&#8222;Direkt zum Ziel, mit Pr\u00e4zision und Genauigkeit.&#8220;<\/p>\n\n\n\n<p class=\"has-text-align-center  animated fadeInDown duration1 eds-on-scroll \">Wir glauben, dass die effektivsten L\u00f6sungen diejenigen sind, die die Dinge einfach, intuitiv und f\u00fcr jeden zug\u00e4nglich machen.<\/p>\n<\/div>\n\n\n\n<div class=\"wp-block-column is-layout-flow wp-block-column-is-layout-flow\">\n<figure class=\"wp-block-image aligncenter size-full is-resized  animated fadeInDown duration1 eds-on-scroll\"><img decoding=\"async\" src=\"https:\/\/www.pyxa.ch\/wp-content\/uploads\/2025\/01\/star.svg\" alt=\"\" class=\"wp-image-1636\" style=\"width:130px\" title=\"\"><\/figure>\n\n\n\n<h2 class=\"wp-block-heading has-text-align-center  animated fadeInDown duration1 eds-on-scroll\">Nach <strong>Exzellenz<\/strong> streben<\/h2>\n\n\n\n<p class=\"has-text-align-center  animated fadeInDown duration1 eds-on-scroll \">&#8222;Die Erwartungen immer \u00fcbertreffen&#8220;.<\/p>\n\n\n\n<p class=\"has-text-align-center  animated fadeInDown duration1 eds-on-scroll \">Exzellenz ist unser Antrieb. Wir legen gr\u00f6\u00dften Wert darauf, in jedem Projekt au\u00dfergew\u00f6hnliche Ergebnisse zu liefern. <\/p>\n<\/div>\n\n\n\n<div class=\"wp-block-column is-layout-flow wp-block-column-is-layout-flow\">\n<figure class=\"wp-block-image aligncenter size-full is-resized\"><img decoding=\"async\" src=\"https:\/\/www.pyxa.ch\/wp-content\/uploads\/2025\/01\/rocket.svg\" alt=\"\" class=\"wp-image-1634\" style=\"width:130px\" title=\" animated fadeInDown duration1 eds-on-scroll \"><\/figure>\n\n\n\n<h2 class=\"wp-block-heading has-text-align-center  animated fadeInDown duration1 eds-on-scroll\">Schaffen, um zu <strong>innovieren<\/strong>.<\/h2>\n\n\n\n<p class=\"has-text-align-center  animated fadeInDown duration1 eds-on-scroll \">&#8222;Heute denken, f\u00fcr morgen bauen&#8220;.<\/p>\n\n\n\n<p class=\"has-text-align-center  animated fadeInDown duration1 eds-on-scroll \">Wir setzen Ideen in k\u00fchne Projekte um, indem wir Kreativit\u00e4t und Technologie kombinieren, um den Herausforderungen von morgen zu begegnen.<\/p>\n<\/div>\n<\/div>\n<\/div>\n<\/div>\n\n<div class=\"wp-block-group has-global-padding is-layout-constrained wp-container-core-group-is-layout-61840125 wp-block-group-is-layout-constrained has-background\" style=\"border-radius:16px;margin-top:var(--wp--preset--spacing--70);margin-bottom:var(--wp--preset--spacing--70);padding-top:var(--wp--preset--spacing--80);padding-right:var(--wp--preset--spacing--50);padding-bottom:var(--wp--preset--spacing--80);padding-left:var(--wp--preset--spacing--50);background-image:url(&apos;https:\/\/www.pyxa.ch\/wp-content\/uploads\/2024\/12\/pyxa-about.jpg&apos;);background-position:49% 81%;background-size:cover;background-attachment:scroll;\">\n<div class=\"wp-block-group animated zoomIn duration2 eds-on-scroll has-background has-global-padding is-layout-constrained wp-container-core-group-is-layout-52009084 wp-block-group-is-layout-constrained\" style=\"border-radius:16px;background-color:#ffffff61;padding-top:var(--wp--preset--spacing--40);padding-right:var(--wp--preset--spacing--40);padding-bottom:var(--wp--preset--spacing--40);padding-left:var(--wp--preset--spacing--40)\">\n<h2 class=\"wp-block-heading has-text-align-left has-xx-large-font-size\">Unsere Mission?<\/h2>\n\n\n\n<p class=\"has-text-align-left has-x-large-font-size\">Vereinfachung der Digitalisierung mit ma\u00dfgeschneiderten, zuverl\u00e4ssigen und zug\u00e4nglichen L\u00f6sungen zur Unterst\u00fctzung Ihrer Transformation.<\/p>\n<\/div>\n<\/div>\n\n<div class=\"wp-block-group alignfull has-base-background-color has-background has-global-padding is-layout-constrained wp-block-group-is-layout-constrained\" style=\"padding-top:var(--wp--preset--spacing--60);padding-bottom:var(--wp--preset--spacing--60)\">\n<div class=\"wp-block-group has-base-color has-accent-1-background-color has-text-color has-background has-link-color wp-elements-c9d124ed631b4d6573bcb235faa22d9b has-global-padding is-layout-constrained wp-container-core-group-is-layout-f611be13 wp-block-group-is-layout-constrained\" style=\"border-radius:16px;padding-top:var(--wp--preset--spacing--50);padding-right:var(--wp--preset--spacing--50);padding-bottom:var(--wp--preset--spacing--50);padding-left:var(--wp--preset--spacing--50)\">\n<h2 class=\"wp-block-heading animated fadeInRight duration1 eds-on-scroll\" style=\"padding-bottom:var(--wp--preset--spacing--40);font-size:clamp(2.2rem, 2.2rem + ((1vw - 0.2rem) * 3.273), 4rem);\"><strong>Sind Sie bereit, Ihr Projekt zu starten?<\/strong><\/h2>\n\n\n\n<div class=\"wp-block-group  animated fadeInRight duration1 eds-on-scroll is-style-default has-global-padding is-layout-constrained wp-block-group-is-layout-constrained\">\n<div class=\"wp-block-group has-global-padding is-layout-constrained wp-block-group-is-layout-constrained\">\n<div class=\"wp-block-contact-form-7-contact-form-selector cta-form\"><p class=\"wpcf7-contact-form-not-found\"><strong>Fehler:<\/strong> Kontaktformular wurde nicht gefunden.<\/p><\/div>\n<\/div>\n<\/div>\n<\/div>\n<\/div>\n","protected":false},"excerpt":{"rendered":"<p>\u00dcber uns Mit mehr als zehn Jahren Erfahrung im technischen Management und in der Entwicklung anspruchsvoller digitaler Projekte gr\u00fcndete Andreas Fischer, Inhaber eines FH-Masters in Informations- und Kommunikationstechnologie, die digitale Agentur Pyxa im Jahr 2025 in Sierre. Davor war er Mitbegr\u00fcnder und leitete sieben Jahre lang ein Tourismusunternehmen, wo er ma\u00dfgeschneiderte Managementtools entwickelte. Auf der [&hellip;]<\/p>\n","protected":false},"author":1,"featured_media":2061,"parent":0,"menu_order":0,"comment_status":"closed","ping_status":"closed","template":"wp-custom-template-page-floating-menu","meta":{"_uag_custom_page_level_css":"","footnotes":""},"class_list":["post-2396","page","type-page","status-publish","has-post-thumbnail","hentry"],"spectra_custom_meta":{"_wpml_media_duplicate":["1"],"_wpml_media_featured":["1"],"_top_nav_excluded":[""],"_cms_nav_minihome":[""],"_wp_page_template":["wp-custom-template-page-floating-menu"],"_thumbnail_id":["2061"],"_last_translation_edit_mode":["translation-editor"],"_wpml_media_has_media":["1"],"_wpml_word_count":["512"],"_edit_lock":["1751236376:1"],"_tsf_title_no_blogname":["1"],"cmplz_hide_cookiebanner":[""],"litespeed_vpi_list":["a:2:{i:0;s:15:\"Pyxa-Logo-1.svg\";i:1;s:11:\"pyxa-bg.jpg\";}"],"rank_math_seo_score":["35"],"_edit_last":["1"],"rank_math_analytic_object_id":["56"],"rank_math_auto_redirect":["a:1:{i:0;i:31;}"],"rank_math_schema_Article":["a:10:{s:8:\"metadata\";a:5:{s:4:\"type\";s:8:\"template\";s:9:\"shortcode\";s:38:\"s-9c5d8882-0d98-44fd-8e34-ca5d1caea9bd\";s:9:\"isPrimary\";s:1:\"1\";s:5:\"title\";s:7:\"Article\";s:15:\"enableSpeakable\";s:7:\"disable\";}s:14:\"articleSection\";s:24:\"%primary_taxonomy_terms%\";s:8:\"headline\";s:11:\"%seo_title%\";s:11:\"description\";s:17:\"%seo_description%\";s:8:\"keywords\";s:10:\"%keywords%\";s:5:\"@type\";s:7:\"Article\";s:6:\"author\";a:2:{s:5:\"@type\";s:6:\"Person\";s:4:\"name\";s:13:\"%post_author%\";}s:13:\"datePublished\";s:20:\"%date(Y-m-dTH:i:sP)%\";s:12:\"dateModified\";s:24:\"%modified(Y-m-dTH:i:sP)%\";s:5:\"image\";a:2:{s:5:\"@type\";s:11:\"ImageObject\";s:3:\"url\";s:16:\"%post_thumbnail%\";}}"],"_uag_custom_page_level_css":[""],"footnotes":[""],"_genesis_title":["\u00dcber Pyxa | Mehrsprachige digitale L\u00f6sungen"],"_genesis_description":["Entdecken Sie Pyxa, ein Unternehmen, das sich auf ma\u00dfgeschneiderte mehrsprachige digitale L\u00f6sungen spezialisiert hat, die Einfachheit, Innovation und Leistung miteinander verbinden."],"rank_math_title":["\u00dcber Pyxa | Mehrsprachige digitale L\u00f6sungen"],"rank_math_description":["\u00dcber Pyxa, ein Unternehmen, das sich auf mehrsprachige digitale L\u00f6sungen spezialisiert hat, die Einfachheit, Innovation und Leistung miteinander verbinden."],"rank_math_focus_keyword":["\u00fcber uns,mehrsprachige digitale L\u00f6sungen,mehrsprachige digitale Agentur"],"_uag_css_file_name":["uag-css-2396.css"],"rank_math_internal_links_processed":["1"],"_uag_page_assets":["a:9:{s:3:\"css\";s:263:\".uag-blocks-common-selector{z-index:var(--z-index-desktop) !important}@media (max-width: 976px){.uag-blocks-common-selector{z-index:var(--z-index-tablet) !important}}@media (max-width: 767px){.uag-blocks-common-selector{z-index:var(--z-index-mobile) !important}}\n\";s:2:\"js\";s:0:\"\";s:18:\"current_block_list\";a:21:{i:0;s:10:\"core\/group\";i:3;s:22:\"wpml\/language-switcher\";i:5;s:14:\"core\/site-logo\";i:7;s:15:\"core\/navigation\";i:9;s:17:\"core\/post-content\";i:12;s:12:\"core\/columns\";i:13;s:11:\"core\/column\";i:14;s:14:\"core\/paragraph\";i:15;s:17:\"core\/social-links\";i:16;s:16:\"core\/social-link\";i:20;s:12:\"core\/heading\";i:21;s:11:\"core\/spacer\";i:22;s:10:\"core\/image\";i:23;s:10:\"core\/cover\";i:25;s:10:\"core\/quote\";i:28;s:36:\"contact-form-7\/contact-form-selector\";i:29;s:11:\"core\/search\";i:30;s:17:\"core\/latest-posts\";i:31;s:20:\"core\/latest-comments\";i:32;s:13:\"core\/archives\";i:33;s:15:\"core\/categories\";}s:8:\"uag_flag\";b:0;s:11:\"uag_version\";s:10:\"1775728557\";s:6:\"gfonts\";a:0:{}s:10:\"gfonts_url\";s:0:\"\";s:12:\"gfonts_files\";a:0:{}s:14:\"uag_faq_layout\";b:0;}"]},"uagb_featured_image_src":{"full":["https:\/\/www.pyxa.ch\/wp-content\/uploads\/2024\/11\/mt-sample-background.jpg",1920,1280,false],"thumbnail":["https:\/\/www.pyxa.ch\/wp-content\/uploads\/2024\/11\/mt-sample-background-150x150.jpg",150,150,true],"medium":["https:\/\/www.pyxa.ch\/wp-content\/uploads\/2024\/11\/mt-sample-background-300x200.jpg",300,200,true],"medium_large":["https:\/\/www.pyxa.ch\/wp-content\/uploads\/2024\/11\/mt-sample-background-768x512.jpg",768,512,true],"large":["https:\/\/www.pyxa.ch\/wp-content\/uploads\/2024\/11\/mt-sample-background-1024x683.jpg",1024,683,true],"1536x1536":["https:\/\/www.pyxa.ch\/wp-content\/uploads\/2024\/11\/mt-sample-background-1536x1024.jpg",1536,1024,true],"2048x2048":["https:\/\/www.pyxa.ch\/wp-content\/uploads\/2024\/11\/mt-sample-background.jpg",1920,1280,false]},"uagb_author_info":{"display_name":"Andreas Fischer","author_link":"https:\/\/www.pyxa.ch\/de\/author\/infopyxa-ch\/"},"uagb_comment_info":0,"uagb_excerpt":"\u00dcber uns Mit mehr als zehn Jahren Erfahrung im technischen Management und in der Entwicklung anspruchsvoller digitaler Projekte gr\u00fcndete Andreas Fischer, Inhaber eines FH-Masters in Informations- und Kommunikationstechnologie, die digitale Agentur Pyxa im Jahr 2025 in Sierre. Davor war er Mitbegr\u00fcnder und leitete sieben Jahre lang ein Tourismusunternehmen, wo er ma\u00dfgeschneiderte Managementtools entwickelte. Auf der&hellip;","_links":{"self":[{"href":"https:\/\/www.pyxa.ch\/de\/wp-json\/wp\/v2\/pages\/2396","targetHints":{"allow":["GET"]}}],"collection":[{"href":"https:\/\/www.pyxa.ch\/de\/wp-json\/wp\/v2\/pages"}],"about":[{"href":"https:\/\/www.pyxa.ch\/de\/wp-json\/wp\/v2\/types\/page"}],"author":[{"embeddable":true,"href":"https:\/\/www.pyxa.ch\/de\/wp-json\/wp\/v2\/users\/1"}],"replies":[{"embeddable":true,"href":"https:\/\/www.pyxa.ch\/de\/wp-json\/wp\/v2\/comments?post=2396"}],"version-history":[{"count":3,"href":"https:\/\/www.pyxa.ch\/de\/wp-json\/wp\/v2\/pages\/2396\/revisions"}],"predecessor-version":[{"id":6697,"href":"https:\/\/www.pyxa.ch\/de\/wp-json\/wp\/v2\/pages\/2396\/revisions\/6697"}],"wp:featuredmedia":[{"embeddable":true,"href":"https:\/\/www.pyxa.ch\/de\/wp-json\/wp\/v2\/media\/2061"}],"wp:attachment":[{"href":"https:\/\/www.pyxa.ch\/de\/wp-json\/wp\/v2\/media?parent=2396"}],"curies":[{"name":"wp","href":"https:\/\/api.w.org\/{rel}","templated":true}]}}