{"id":2386,"date":"2024-12-16T12:15:39","date_gmt":"2024-12-16T11:15:39","guid":{"rendered":"https:\/\/www.pyxa.ch\/dienste\/"},"modified":"2025-07-21T09:06:51","modified_gmt":"2025-07-21T07:06:51","slug":"dienstleistungen","status":"publish","type":"page","link":"https:\/\/www.pyxa.ch\/de\/dienstleistungen\/","title":{"rendered":"Digitale Dienstleistungen und Begleitung"},"content":{"rendered":"\n<div class=\"wp-block-cover alignfull\" style=\"padding-top:180px;padding-bottom:var(--wp--preset--spacing--80)\"><img decoding=\"async\" width=\"2448\" height=\"1632\" class=\"wp-block-cover__image-background wp-image-2850\" alt=\"\" src=\"https:\/\/www.pyxa.ch\/wp-content\/uploads\/2025\/02\/pyxa-2.jpg\" data-object-fit=\"cover\" title=\"\" srcset=\"https:\/\/www.pyxa.ch\/wp-content\/uploads\/2025\/02\/pyxa-2.jpg 2448w, https:\/\/www.pyxa.ch\/wp-content\/uploads\/2025\/02\/pyxa-2-300x200.jpg 300w, https:\/\/www.pyxa.ch\/wp-content\/uploads\/2025\/02\/pyxa-2-1024x683.jpg 1024w, https:\/\/www.pyxa.ch\/wp-content\/uploads\/2025\/02\/pyxa-2-768x512.jpg 768w, https:\/\/www.pyxa.ch\/wp-content\/uploads\/2025\/02\/pyxa-2-1536x1024.jpg 1536w, https:\/\/www.pyxa.ch\/wp-content\/uploads\/2025\/02\/pyxa-2-2048x1365.jpg 2048w\" sizes=\"(max-width: 2448px) 100vw, 2448px\" \/><span aria-hidden=\"true\" class=\"wp-block-cover__background has-base-background-color has-background-dim\"><\/span><div class=\"wp-block-cover__inner-container has-global-padding is-layout-constrained wp-block-cover-is-layout-constrained\">\n<div class=\"wp-block-columns is-layout-flex wp-container-core-columns-is-layout-28f84493 wp-block-columns-is-layout-flex\">\n<div class=\"wp-block-column is-layout-flow wp-block-column-is-layout-flow\" style=\"flex-basis:70%\">\n<h1 class=\"wp-block-heading animated fadeInRight duration2 has-text-color has-link-color wp-elements-c27fbb10db3e93d855894ff1424d011a\" style=\"color:#eaeaea;font-size:clamp(2.111rem, 2.111rem + ((1vw - 0.2rem) * 3.071), 3.8rem);font-style:normal;font-weight:700\">Eine umfassende digitale Begleitung zur Entwicklung, Verwaltung und Optimierung Ihrer digitalen Werkzeuge<\/h1>\n\n\n\n<p class=\"animated fadeInRight duration2 delay1\" style=\"padding-top:var(--wp--preset--spacing--40);padding-bottom:var(--wp--preset--spacing--20)\">Bei Pyxa entwerfen wir digitale L\u00f6sungen, um Ihren Alltag zu vereinfachen, Ihre Prozesse zu optimieren und Ihr Wachstum zu steigern.<\/p>\n<\/div>\n\n\n\n<div class=\"wp-block-column is-layout-flow wp-block-column-is-layout-flow\" style=\"flex-basis:20%\"><\/div>\n<\/div>\n<\/div><\/div>\n\n<div class=\"wp-block-group floating-header has-border-color has-contrast-border-color has-background has-global-padding is-layout-constrained wp-container-core-group-is-layout-82ec4f77 wp-block-group-is-layout-constrained\" style=\"border-width:1px;border-radius:10px;background-color:#eaeaea;margin-top:-80px;margin-bottom:var(--wp--preset--spacing--50);padding-top:var(--wp--preset--spacing--40);padding-right:0;padding-bottom:var(--wp--preset--spacing--40);padding-left:0;box-shadow:var(--wp--preset--shadow--natural)\">\n<div class=\"wp-block-columns is-layout-flex wp-container-core-columns-is-layout-d7874ab8 wp-block-columns-is-layout-flex\" style=\"padding-right:var(--wp--preset--spacing--40);padding-left:var(--wp--preset--spacing--40)\">\n<div class=\"wp-block-column is-vertically-aligned-top is-layout-flow wp-block-column-is-layout-flow\" style=\"border-radius:10px;padding-top:0;padding-right:0;padding-bottom:0;padding-left:0;flex-basis:30%\">\n<h2 class=\"wp-block-heading\"><a href=\"https:\/\/www.pyxa.ch\/de\/erstellung-von-webseiten\/\" data-schema-attribute=\"mentions\">Webseite<\/a><\/h2>\n<\/div>\n\n\n\n<div class=\"wp-block-column is-layout-flow wp-container-core-column-is-layout-fd134cff wp-block-column-is-layout-flow\" style=\"border-radius:10px;padding-right:0;padding-left:0;flex-basis:60%\">\n<p>Wir erstellen moderne und leistungsf\u00e4hige Websites, die auf eine fl\u00fcssige Navigation und eine hervorragende Suchmaschinenoptimierung ausgelegt sind.<\/p>\n<\/div>\n\n\n\n<div class=\"wp-block-column is-layout-flow wp-block-column-is-layout-flow\" style=\"flex-basis:10%\"><\/div>\n<\/div>\n\n\n\n<hr class=\"wp-block-separator has-alpha-channel-opacity\"\/>\n\n\n\n<div class=\"wp-block-columns is-layout-flex wp-container-core-columns-is-layout-d7874ab8 wp-block-columns-is-layout-flex\" style=\"padding-right:var(--wp--preset--spacing--40);padding-left:var(--wp--preset--spacing--40)\">\n<div class=\"wp-block-column is-vertically-aligned-top is-layout-flow wp-block-column-is-layout-flow\" style=\"border-radius:10px;padding-top:0;padding-right:0;padding-bottom:0;padding-left:0;flex-basis:30%\">\n<h2 class=\"wp-block-heading\"><a href=\"https:\/\/www.pyxa.ch\/de\/erstellung-von-e-commerce-websites\/\" data-type=\"link\" data-id=\"https:\/\/www.pyxa.ch\/de\/erstellung-von-e-commerce-websites\/\" data-schema-attribute=\"mentions\">e-Commerce<\/a><\/h2>\n<\/div>\n\n\n\n<div class=\"wp-block-column is-layout-flow wp-block-column-is-layout-flow\" style=\"border-radius:10px;flex-basis:60%\">\n<p>Wir entwickeln sichere Online-Shops mit vereinfachter Lagerverwaltung und integrierten Marketing-Tools.<\/p>\n<\/div>\n\n\n\n<div class=\"wp-block-column is-layout-flow wp-block-column-is-layout-flow\" style=\"flex-basis:10%\"><\/div>\n<\/div>\n\n\n\n<hr class=\"wp-block-separator has-alpha-channel-opacity\"\/>\n\n\n\n<div class=\"wp-block-columns is-layout-flex wp-container-core-columns-is-layout-d7874ab8 wp-block-columns-is-layout-flex\" style=\"padding-right:var(--wp--preset--spacing--40);padding-left:var(--wp--preset--spacing--40)\">\n<div class=\"wp-block-column is-vertically-aligned-top is-layout-flow wp-block-column-is-layout-flow\" style=\"border-radius:10px;padding-top:0;padding-right:0;padding-bottom:0;padding-left:0;flex-basis:30%\">\n<h2 class=\"wp-block-heading\"><a href=\"https:\/\/www.pyxa.ch\/de\/webseiten-relaunch-im-wallis\/\" data-type=\"page\" data-id=\"6369\" data-schema-attribute=\"mentions\">Relaunch<\/a><\/h2>\n<\/div>\n\n\n\n<div class=\"wp-block-column is-layout-flow wp-block-column-is-layout-flow\" style=\"border-radius:10px;flex-basis:60%\">\n<p>Wir erwecken blockierte oder unvollst\u00e4ndige Websites schnell wieder zum Leben \u2013 ohne alles neu zu machen.<\/p>\n<\/div>\n\n\n\n<div class=\"wp-block-column is-layout-flow wp-block-column-is-layout-flow\" style=\"flex-basis:10%\"><\/div>\n<\/div>\n\n\n\n<hr class=\"wp-block-separator has-alpha-channel-opacity\"\/>\n\n\n\n<div class=\"wp-block-columns is-layout-flex wp-container-core-columns-is-layout-d7874ab8 wp-block-columns-is-layout-flex\" style=\"padding-right:var(--wp--preset--spacing--40);padding-left:var(--wp--preset--spacing--40)\">\n<div class=\"wp-block-column is-vertically-aligned-top is-layout-flow wp-block-column-is-layout-flow\" style=\"border-radius:10px;padding-top:0;padding-right:0;padding-bottom:0;padding-left:0;flex-basis:30%\">\n<h2 class=\"wp-block-heading\">ERP<\/h2>\n<\/div>\n\n\n\n<div class=\"wp-block-column is-layout-flow wp-block-column-is-layout-flow\" style=\"border-radius:10px;flex-basis:60%\">\n<p>Wir entwickeln ma\u00dfgeschneiderte Tools zur Automatisierung Ihrer Prozesse und zur Steigerung Ihrer Effizienz.<\/p>\n<\/div>\n\n\n\n<div class=\"wp-block-column is-layout-flow wp-block-column-is-layout-flow\" style=\"flex-basis:10%\"><\/div>\n<\/div>\n\n\n\n<hr class=\"wp-block-separator has-alpha-channel-opacity\"\/>\n\n\n\n<div class=\"wp-block-columns is-layout-flex wp-container-core-columns-is-layout-d7874ab8 wp-block-columns-is-layout-flex\" style=\"padding-right:var(--wp--preset--spacing--40);padding-left:var(--wp--preset--spacing--40)\">\n<div class=\"wp-block-column is-vertically-aligned-top is-layout-flow wp-block-column-is-layout-flow\" style=\"border-radius:10px;padding-top:0;padding-right:0;padding-bottom:0;padding-left:0;flex-basis:30%\">\n<h2 class=\"wp-block-heading\">Kundenportal<\/h2>\n<\/div>\n\n\n\n<div class=\"wp-block-column is-layout-flow wp-block-column-is-layout-flow\" style=\"border-radius:10px;flex-basis:60%\">\n<p>Wir bieten ma\u00dfgeschneiderte Portale f\u00fcr die Verwaltung Ihrer Bestellungen, Rechnungen und Transaktionen.<\/p>\n<\/div>\n\n\n\n<div class=\"wp-block-column is-layout-flow wp-block-column-is-layout-flow\" style=\"flex-basis:10%\"><\/div>\n<\/div>\n\n\n\n<hr class=\"wp-block-separator has-alpha-channel-opacity\"\/>\n\n\n\n<div class=\"wp-block-columns is-layout-flex wp-container-core-columns-is-layout-d7874ab8 wp-block-columns-is-layout-flex\" style=\"padding-right:var(--wp--preset--spacing--40);padding-left:var(--wp--preset--spacing--40)\">\n<div class=\"wp-block-column is-vertically-aligned-top is-layout-flow wp-block-column-is-layout-flow\" style=\"border-radius:10px;padding-top:0;padding-right:0;padding-bottom:0;padding-left:0;flex-basis:30%\">\n<h2 class=\"wp-block-heading\">UX &amp; Prozesse<\/h2>\n<\/div>\n\n\n\n<div class=\"wp-block-column is-layout-flow wp-block-column-is-layout-flow\" style=\"border-radius:10px;flex-basis:60%\">\n<p>Wir vereinfachen und optimieren Ihre Tools f\u00fcr klare und intuitive Abl\u00e4ufe.<\/p>\n<\/div>\n\n\n\n<div class=\"wp-block-column is-layout-flow wp-block-column-is-layout-flow\" style=\"flex-basis:10%\"><\/div>\n<\/div>\n\n\n\n<hr class=\"wp-block-separator has-alpha-channel-opacity\"\/>\n\n\n\n<div class=\"wp-block-columns is-layout-flex wp-container-core-columns-is-layout-d7874ab8 wp-block-columns-is-layout-flex\" style=\"padding-right:var(--wp--preset--spacing--40);padding-left:var(--wp--preset--spacing--40)\">\n<div class=\"wp-block-column is-vertically-aligned-top is-layout-flow wp-block-column-is-layout-flow\" style=\"border-radius:10px;padding-top:0;padding-right:0;padding-bottom:0;padding-left:0;flex-basis:30%\">\n<h2 class=\"wp-block-heading\">Support<\/h2>\n<\/div>\n\n\n\n<div class=\"wp-block-column is-layout-flow wp-block-column-is-layout-flow\" style=\"border-radius:10px;flex-basis:60%\">\n<p>Wir bieten eine reaktionsschnelle Betreuung f\u00fcr Wartung und Updates.<\/p>\n<\/div>\n\n\n\n<div class=\"wp-block-column is-layout-flow wp-block-column-is-layout-flow\" style=\"flex-basis:10%\"><\/div>\n<\/div>\n<\/div>\n\n<p class=\"has-text-align-center\">Sie suchen eine Webagentur im Wallis, die Sie von A bis Z begleitet?  <a href=\"https:\/\/www.pyxa.ch\/de\/webagentur-im-wallis\/\" data-type=\"page\" data-id=\"4091\" data-schema-attribute=\"mentions\">Entdecken Sie unseren Ansatz<\/a><\/p>\n\n<div class=\"wp-block-group alignfull has-global-padding is-layout-constrained wp-block-group-is-layout-constrained\" style=\"margin-top:0;margin-bottom:0;padding-top:var(--wp--preset--spacing--50);padding-bottom:var(--wp--preset--spacing--50)\">\n<h2 class=\"wp-block-heading has-text-align-center has-xx-large-font-size\">Unsere Verpflichtungen f\u00fcr Ihren Erfolg<\/h2>\n\n\n\n<p class=\"has-text-align-center\">Bei Pyxa glauben wir, dass jedes Projekt eine Gelegenheit ist, einfache, wirkungsvolle und nachhaltige L\u00f6sungen zu schaffen. Hier erfahren Sie, wie wir Ihre Ideen in Erfolg umwandeln. <\/p>\n\n\n\n<div class=\"wp-block-columns is-layout-flex wp-container-core-columns-is-layout-45c10ec9 wp-block-columns-is-layout-flex\" style=\"margin-top:var(--wp--preset--spacing--60);margin-bottom:var(--wp--preset--spacing--60)\">\n<div class=\"wp-block-column is-vertically-aligned-center  animated fadeInRight duration1 eds-on-scroll is-layout-flow wp-block-column-is-layout-flow\" style=\"flex-basis:60%\">\n<p class=\"has-x-large-font-size\">Ma\u00dfgeschneiderte L\u00f6sungen, die Ihre Ideen in konkrete Ergebnisse umwandeln.<\/p>\n\n\n\n<div style=\"height:var(--wp--preset--spacing--30)\" aria-hidden=\"true\" class=\"wp-block-spacer\"><\/div>\n\n\n\n<p>Wir entwickeln leistungsstarke digitale Tools, die speziell auf Ihre individuellen Bed\u00fcrfnisse zugeschnitten sind und Ihre Prozesse optimieren. Jedes Projekt ist ein Schritt hin zu nachhaltigem und kontrolliertem Wachstum f\u00fcr Ihr Unternehmen. <\/p>\n<\/div>\n\n\n\n<div class=\"wp-block-column is-vertically-aligned-center hide-mobile  animated fadeInRight duration1 eds-on-scroll is-layout-flow wp-block-column-is-layout-flow\" style=\"flex-basis:40%\">\n<figure class=\"wp-block-image size-full has-custom-border\"><img decoding=\"async\" width=\"900\" height=\"599\" src=\"https:\/\/www.pyxa.ch\/wp-content\/uploads\/2025\/01\/pyxa-1.jpg\" alt=\"Digitale Begleitung - Pyxa\" class=\"wp-image-1735\" style=\"border-radius:16px;aspect-ratio:1;object-fit:cover\" title=\"\" srcset=\"https:\/\/www.pyxa.ch\/wp-content\/uploads\/2025\/01\/pyxa-1.jpg 900w, https:\/\/www.pyxa.ch\/wp-content\/uploads\/2025\/01\/pyxa-1-300x200.jpg 300w, https:\/\/www.pyxa.ch\/wp-content\/uploads\/2025\/01\/pyxa-1-768x511.jpg 768w\" sizes=\"(max-width: 900px) 100vw, 900px\" \/><\/figure>\n<\/div>\n<\/div>\n\n\n\n<div class=\"wp-block-columns is-layout-flex wp-container-core-columns-is-layout-0884d4d2 wp-block-columns-is-layout-flex\" style=\"margin-top:var(--wp--preset--spacing--50);margin-bottom:var(--wp--preset--spacing--50)\">\n<div class=\"wp-block-column is-vertically-aligned-center hide-mobile animated fadeInLeft duration1 eds-on-scroll is-layout-flow wp-block-column-is-layout-flow\" style=\"padding-right:0;padding-left:0;flex-basis:50%\">\n<figure class=\"wp-block-image size-full has-custom-border\"><img decoding=\"async\" width=\"900\" height=\"721\" src=\"https:\/\/www.pyxa.ch\/wp-content\/uploads\/2025\/01\/pyxa-2.jpg\" alt=\"\" class=\"wp-image-1737\" style=\"border-radius:16px;aspect-ratio:4\/3;object-fit:cover\" title=\"\" srcset=\"https:\/\/www.pyxa.ch\/wp-content\/uploads\/2025\/01\/pyxa-2.jpg 900w, https:\/\/www.pyxa.ch\/wp-content\/uploads\/2025\/01\/pyxa-2-300x240.jpg 300w, https:\/\/www.pyxa.ch\/wp-content\/uploads\/2025\/01\/pyxa-2-768x615.jpg 768w\" sizes=\"(max-width: 900px) 100vw, 900px\" \/><\/figure>\n<\/div>\n\n\n\n<div class=\"wp-block-column is-vertically-aligned-center  animated fadeInLeft duration1 eds-on-scroll is-layout-flow wp-block-column-is-layout-flow\" style=\"flex-basis:50%\">\n<p class=\"has-x-large-font-size\">Fesselnde digitale Erlebnisse, die Ihre Vision widerspiegeln.<\/p>\n\n\n\n<div style=\"height:var(--wp--preset--spacing--30)\" aria-hidden=\"true\" class=\"wp-block-spacer\"><\/div>\n\n\n\n<p>Von modernen Websites bis hin zu leistungsstarken Anwendungen \u2013 unsere L\u00f6sungen begeistern Ihre Nutzer und unterst\u00fctzen Ihre Ziele.<\/p>\n<\/div>\n<\/div>\n\n\n\n<div class=\"wp-block-columns is-layout-flex wp-container-core-columns-is-layout-0884d4d2 wp-block-columns-is-layout-flex\" style=\"margin-top:var(--wp--preset--spacing--50);margin-bottom:var(--wp--preset--spacing--50)\">\n<div class=\"wp-block-column is-vertically-aligned-center  animated fadeInRight duration1 eds-on-scroll is-layout-flow wp-block-column-is-layout-flow\" style=\"flex-basis:60%\">\n<div class=\"wp-block-uagb-advanced-heading uagb-block-c8ec0af9\"><h2 class=\"uagb-heading-text\">Eine dauerhafte digitale Begleitung, die mit Ihren Bed\u00fcrfnissen w\u00e4chst.<\/h2><\/div>\n\n\n\n<div style=\"height:var(--wp--preset--spacing--30)\" aria-hidden=\"true\" class=\"wp-block-spacer\"><\/div>\n\n\n\n<p>Wir entwerfen leistungsf\u00e4hige und skalierbare digitale Tools, die auf Ihre Ziele zugeschnitten sind. Indem wir Ihre zuk\u00fcnftigen Herausforderungen antizipieren, helfen wir Ihnen, das Wachstum Ihres Unternehmens nachhaltig zu beschleunigen. <\/p>\n<\/div>\n\n\n\n<div class=\"wp-block-column is-vertically-aligned-center  animated fadeInRight duration1 eds-on-scroll is-layout-flow wp-block-column-is-layout-flow\" style=\"flex-basis:40%\">\n<figure class=\"wp-block-image size-full has-custom-border\"><img decoding=\"async\" width=\"886\" height=\"900\" src=\"https:\/\/www.pyxa.ch\/wp-content\/uploads\/2025\/01\/pyxa-planning.jpg\" alt=\"\" class=\"wp-image-1739\" style=\"border-radius:16px;aspect-ratio:1;object-fit:cover\" title=\"\" srcset=\"https:\/\/www.pyxa.ch\/wp-content\/uploads\/2025\/01\/pyxa-planning.jpg 886w, https:\/\/www.pyxa.ch\/wp-content\/uploads\/2025\/01\/pyxa-planning-295x300.jpg 295w, https:\/\/www.pyxa.ch\/wp-content\/uploads\/2025\/01\/pyxa-planning-768x780.jpg 768w\" sizes=\"(max-width: 886px) 100vw, 886px\" \/><\/figure>\n<\/div>\n<\/div>\n\n\n\n<div class=\"wp-block-group has-global-padding is-layout-constrained wp-container-core-group-is-layout-c8ee93ac wp-block-group-is-layout-constrained\" style=\"padding-right:var(--wp--preset--spacing--70);padding-left:var(--wp--preset--spacing--70)\"><\/div>\n<\/div>\n\n<div class=\"wp-block-group alignfull has-base-background-color has-background has-global-padding is-layout-constrained wp-block-group-is-layout-constrained\" style=\"margin-top:0;margin-bottom:0;padding-top:var(--wp--preset--spacing--70);padding-bottom:var(--wp--preset--spacing--70)\">\n<div class=\"wp-block-group has-base-color has-accent-1-background-color has-text-color has-background has-link-color wp-elements-c9d124ed631b4d6573bcb235faa22d9b has-global-padding is-layout-constrained wp-container-core-group-is-layout-f611be13 wp-block-group-is-layout-constrained\" style=\"border-radius:16px;padding-top:var(--wp--preset--spacing--50);padding-right:var(--wp--preset--spacing--50);padding-bottom:var(--wp--preset--spacing--50);padding-left:var(--wp--preset--spacing--50)\">\n<h2 class=\"wp-block-heading animated fadeInRight duration1 eds-on-scroll\" style=\"padding-bottom:var(--wp--preset--spacing--40);font-size:clamp(2.2rem, 2.2rem + ((1vw - 0.2rem) * 3.273), 4rem);\"><strong>Sind Sie bereit, Ihr Projekt zu starten?<\/strong><\/h2>\n\n\n\n<div class=\"wp-block-group  animated fadeInRight duration1 eds-on-scroll is-style-default has-global-padding is-layout-constrained wp-block-group-is-layout-constrained\">\n<div class=\"wp-block-group has-global-padding is-layout-constrained wp-block-group-is-layout-constrained\">\n<div class=\"wp-block-contact-form-7-contact-form-selector cta-form\"><p class=\"wpcf7-contact-form-not-found\"><strong>Fehler:<\/strong> Kontaktformular wurde nicht gefunden.<\/p><\/div>\n<\/div>\n<\/div>\n<\/div>\n<\/div>\n","protected":false},"excerpt":{"rendered":"<p>Webseite Wir erstellen moderne und leistungsf\u00e4hige Websites, die auf eine fl\u00fcssige Navigation und eine hervorragende Suchmaschinenoptimierung ausgelegt sind. e-Commerce Wir entwickeln sichere Online-Shops mit vereinfachter Lagerverwaltung und integrierten Marketing-Tools. Relaunch Wir erwecken blockierte oder unvollst\u00e4ndige Websites schnell wieder zum Leben \u2013 ohne alles neu zu machen. ERP Wir entwickeln ma\u00dfgeschneiderte Tools zur Automatisierung Ihrer Prozesse [&hellip;]<\/p>\n","protected":false},"author":1,"featured_media":2063,"parent":0,"menu_order":0,"comment_status":"closed","ping_status":"closed","template":"wp-custom-template-page-floating-menu","meta":{"_uag_custom_page_level_css":"","footnotes":""},"class_list":["post-2386","page","type-page","status-publish","has-post-thumbnail","hentry"],"spectra_custom_meta":{"_wpml_media_duplicate":["1"],"_wpml_media_featured":["1"],"_top_nav_excluded":[""],"_cms_nav_minihome":[""],"_wp_page_template":["wp-custom-template-page-floating-menu"],"_thumbnail_id":["2063"],"_last_translation_edit_mode":["translation-editor"],"_wpml_media_has_media":["1"],"_edit_lock":["1748038186:1"],"_edit_last":["1"],"cmplz_hide_cookiebanner":[""],"_wpml_word_count":["391"],"litespeed_vpi_list":["a:2:{i:0;s:19:\"pyxa-logo-white.png\";i:1;s:8:\"pyxa.jpg\";}"],"rank_math_seo_score":["76"],"rank_math_analytic_object_id":["51"],"_uag_custom_page_level_css":[""],"footnotes":[""],"_genesis_title":["Digitale Dienstleistungen, ma\u00dfgeschneidert f\u00fcr Sie"],"_genesis_description":["Entdecken Sie die Dienstleistungen von Pyxa: Erstellung leistungsstarker Websites, ma\u00dfgeschneiderte Webapps und mehrsprachige Tools zur Unterst\u00fctzung Ihres Wachstums."],"rank_math_title":["Digitale Begleitung und mehrsprachige Dienstleistungen %sep% %sitename%"],"rank_math_description":["Digitale Begleitung, Webseiten und mehrsprachige Tools: Pyxa hilft Ihnen, Ihre digitalen Tools zu vereinfachen, zu automatisieren und weiterzuentwickeln."],"rank_math_focus_keyword":["digitale begleitung,dienstleistungen,digitale begleitung wallis"],"_uag_css_file_name":["uag-css-2386.css"],"rank_math_internal_links_processed":["1"],"_uag_page_assets":["a:9:{s:3:\"css\";s:1902:\".uag-blocks-common-selector{z-index:var(--z-index-desktop) !important}@media(max-width: 976px){.uag-blocks-common-selector{z-index:var(--z-index-tablet) !important}}@media(max-width: 767px){.uag-blocks-common-selector{z-index:var(--z-index-mobile) !important}}.wp-block-uagb-advanced-heading h1,.wp-block-uagb-advanced-heading h2,.wp-block-uagb-advanced-heading h3,.wp-block-uagb-advanced-heading h4,.wp-block-uagb-advanced-heading h5,.wp-block-uagb-advanced-heading h6,.wp-block-uagb-advanced-heading p,.wp-block-uagb-advanced-heading div{word-break:break-word}.wp-block-uagb-advanced-heading .uagb-heading-text{margin:0}.wp-block-uagb-advanced-heading .uagb-desc-text{margin:0}.wp-block-uagb-advanced-heading .uagb-separator{font-size:0;border-top-style:solid;display:inline-block;margin:0 0 10px 0}.wp-block-uagb-advanced-heading .uagb-highlight{color:#f78a0c;border:0;transition:all .3s ease}.uag-highlight-toolbar{border-left:0;border-top:0;border-bottom:0;border-radius:0;border-right-color:#1e1e1e}.uag-highlight-toolbar .components-button{border-radius:0;outline:none}.uag-highlight-toolbar .components-button.is-primary{color:#fff}.wp-block-uagb-advanced-heading.uagb-block-c8ec0af9.wp-block-uagb-advanced-heading .uagb-desc-text{margin-bottom: 15px;}.wp-block-uagb-advanced-heading.uagb-block-c8ec0af9.wp-block-uagb-advanced-heading .uagb-highlight{font-style: normal;font-weight: Default;background: #007cba;color: #fff;-webkit-text-fill-color: #fff;}.wp-block-uagb-advanced-heading.uagb-block-c8ec0af9.wp-block-uagb-advanced-heading .uagb-highlight::-moz-selection{color: #fff;background: #007cba;-webkit-text-fill-color: #fff;}.wp-block-uagb-advanced-heading.uagb-block-c8ec0af9.wp-block-uagb-advanced-heading .uagb-highlight::selection{color: #fff;background: #007cba;-webkit-text-fill-color: #fff;}.wp-block-uagb-advanced-heading.uagb-block-c8ec0af9 .uagb-heading-text{font-weight: 300;}\";s:2:\"js\";s:0:\"\";s:18:\"current_block_list\";a:22:{i:0;s:10:\"core\/group\";i:3;s:22:\"wpml\/language-switcher\";i:5;s:14:\"core\/site-logo\";i:7;s:15:\"core\/navigation\";i:9;s:17:\"core\/post-content\";i:12;s:12:\"core\/columns\";i:13;s:11:\"core\/column\";i:14;s:14:\"core\/paragraph\";i:15;s:17:\"core\/social-links\";i:16;s:16:\"core\/social-link\";i:20;s:12:\"core\/heading\";i:21;s:11:\"core\/spacer\";i:22;s:10:\"core\/image\";i:23;s:10:\"core\/cover\";i:24;s:14:\"core\/separator\";i:27;s:21:\"uagb\/advanced-heading\";i:30;s:36:\"contact-form-7\/contact-form-selector\";i:31;s:11:\"core\/search\";i:32;s:17:\"core\/latest-posts\";i:33;s:20:\"core\/latest-comments\";i:34;s:13:\"core\/archives\";i:35;s:15:\"core\/categories\";}s:8:\"uag_flag\";b:1;s:11:\"uag_version\";s:10:\"1778178902\";s:6:\"gfonts\";a:0:{}s:10:\"gfonts_url\";s:0:\"\";s:12:\"gfonts_files\";a:0:{}s:14:\"uag_faq_layout\";b:0;}"]},"uagb_featured_image_src":{"full":["https:\/\/www.pyxa.ch\/wp-content\/uploads\/2024\/11\/pyxa.jpg",2448,1632,false],"thumbnail":["https:\/\/www.pyxa.ch\/wp-content\/uploads\/2024\/11\/pyxa-150x150.jpg",150,150,true],"medium":["https:\/\/www.pyxa.ch\/wp-content\/uploads\/2024\/11\/pyxa-300x200.jpg",300,200,true],"medium_large":["https:\/\/www.pyxa.ch\/wp-content\/uploads\/2024\/11\/pyxa-768x512.jpg",768,512,true],"large":["https:\/\/www.pyxa.ch\/wp-content\/uploads\/2024\/11\/pyxa-1024x683.jpg",1024,683,true],"1536x1536":["https:\/\/www.pyxa.ch\/wp-content\/uploads\/2024\/11\/pyxa-1536x1024.jpg",1536,1024,true],"2048x2048":["https:\/\/www.pyxa.ch\/wp-content\/uploads\/2024\/11\/pyxa-2048x1365.jpg",2048,1365,true]},"uagb_author_info":{"display_name":"Andreas Fischer","author_link":"https:\/\/www.pyxa.ch\/de\/author\/infopyxa-ch\/"},"uagb_comment_info":0,"uagb_excerpt":"Webseite Wir erstellen moderne und leistungsf\u00e4hige Websites, die auf eine fl\u00fcssige Navigation und eine hervorragende Suchmaschinenoptimierung ausgelegt sind. e-Commerce Wir entwickeln sichere Online-Shops mit vereinfachter Lagerverwaltung und integrierten Marketing-Tools. Relaunch Wir erwecken blockierte oder unvollst\u00e4ndige Websites schnell wieder zum Leben \u2013 ohne alles neu zu machen. ERP Wir entwickeln ma\u00dfgeschneiderte Tools zur Automatisierung Ihrer Prozesse&hellip;","_links":{"self":[{"href":"https:\/\/www.pyxa.ch\/de\/wp-json\/wp\/v2\/pages\/2386","targetHints":{"allow":["GET"]}}],"collection":[{"href":"https:\/\/www.pyxa.ch\/de\/wp-json\/wp\/v2\/pages"}],"about":[{"href":"https:\/\/www.pyxa.ch\/de\/wp-json\/wp\/v2\/types\/page"}],"author":[{"embeddable":true,"href":"https:\/\/www.pyxa.ch\/de\/wp-json\/wp\/v2\/users\/1"}],"replies":[{"embeddable":true,"href":"https:\/\/www.pyxa.ch\/de\/wp-json\/wp\/v2\/comments?post=2386"}],"version-history":[{"count":4,"href":"https:\/\/www.pyxa.ch\/de\/wp-json\/wp\/v2\/pages\/2386\/revisions"}],"predecessor-version":[{"id":6699,"href":"https:\/\/www.pyxa.ch\/de\/wp-json\/wp\/v2\/pages\/2386\/revisions\/6699"}],"wp:featuredmedia":[{"embeddable":true,"href":"https:\/\/www.pyxa.ch\/de\/wp-json\/wp\/v2\/media\/2063"}],"wp:attachment":[{"href":"https:\/\/www.pyxa.ch\/de\/wp-json\/wp\/v2\/media?parent=2386"}],"curies":[{"name":"wp","href":"https:\/\/api.w.org\/{rel}","templated":true}]}}