{"id":2384,"date":"2025-01-08T15:29:30","date_gmt":"2025-01-08T14:29:30","guid":{"rendered":"https:\/\/www.pyxa.ch\/rechtliche-hinweise\/"},"modified":"2025-05-24T00:09:11","modified_gmt":"2025-05-23T22:09:11","slug":"rechtliche-hinweise","status":"publish","type":"page","link":"https:\/\/www.pyxa.ch\/de\/rechtliche-hinweise\/","title":{"rendered":"Impressum"},"content":{"rendered":"\n<div class=\"wp-block-group has-global-padding is-layout-constrained wp-block-group-is-layout-constrained\">\n<h2 class=\"wp-block-heading\"><strong>Herausgeber der Website<\/strong><\/h2>\n\n\n\n<p>Diese Website wird herausgegeben von:<br\/><strong>Pyxa SA<\/strong><br\/>Rue des Sablons 12,<br\/>3960 Sierre, Schweiz<br\/>E-mail: info@pyxa.ch<br\/>CHE-227.631.708<\/p>\n\n\n\n<h2 class=\"wp-block-heading\"><strong>Hosting<\/strong><\/h2>\n\n\n\n<p>Die Website wird gehostet von:<br\/><strong>Infomaniak Network SA<\/strong><br\/>Avenue de la Praille 26, 1227 Carouge<br\/><a href=\"https:\/\/www.infomaniak.com\/\" target=\"_blank\" rel=\"noopener\">infomaniak.com<\/a><\/p>\n\n\n\n<h2 class=\"wp-block-heading\"><strong>Geistiges Eigentum<\/strong><\/h2>\n\n\n\n<p>Alle Inhalte auf dieser Website (Texte, Bilder, Logos, Videos usw.) sind das ausschlie\u00dfliche Eigentum von <strong>Pyxa SA<\/strong>, sofern nicht anders angegeben. Jede Vervielf\u00e4ltigung, Verbreitung, \u00c4nderung oder Nutzung, auch teilweise, ist ohne vorherige schriftliche Genehmigung untersagt. <\/p>\n\n\n\n<h2 class=\"wp-block-heading\"><strong>Datenschutz<\/strong><\/h2>\n\n\n\n<p>Ihre \u00fcber diese Website erhobenen pers\u00f6nlichen Daten werden in \u00dcbereinstimmung mit den geltenden Datenschutzgesetzen, insbesondere der DSGVO und dem Schweizer DSG, verarbeitet. F\u00fcr weitere Informationen lesen Sie bitte unsere <a href=\"https:\/\/www.pyxa.ch\/de\/datenschutzrichtlinie\/\" data-type=\"page\" data-id=\"3\">Datenschutzrichtlinie<\/a>. <\/p>\n\n\n\n<h2 class=\"wp-block-heading\"><strong>Verantwortung<\/strong><\/h2>\n\n\n\n<p>Pyxa SA unternimmt alle Anstrengungen, um die Richtigkeit der auf dieser Website verf\u00fcgbaren Informationen zu gew\u00e4hrleisten. Das Unternehmen kann jedoch nicht f\u00fcr Fehler, Auslassungen oder Folgen haftbar gemacht werden, die sich aus der Nutzung der bereitgestellten Informationen ergeben. <\/p>\n\n\n\n<h2 class=\"wp-block-heading\"><strong>Externe Links<\/strong><\/h2>\n\n\n\n<p>Diese Website kann Links zu externen Websites enthalten. Pyxa SA ist nicht verantwortlich f\u00fcr den Inhalt dieser externen Websites oder f\u00fcr deren \u00dcbereinstimmung mit den geltenden Gesetzen. <\/p>\n\n\n\n<h2 class=\"wp-block-heading\"><strong>Anwendbares Recht<\/strong><\/h2>\n\n\n\n<p>Die vorliegenden rechtlichen Hinweise unterliegen dem Schweizer Recht. Alle Streitigkeiten im Zusammenhang mit der Nutzung dieser Website unterliegen der ausschlie\u00dflichen Zust\u00e4ndigkeit der zust\u00e4ndigen Gerichte in Sierre, Schweiz. <\/p>\n<\/div>\n\n<div style=\"height:30px\" aria-hidden=\"true\" class=\"wp-block-spacer\"><\/div>\n","protected":false},"excerpt":{"rendered":"<p>Herausgeber der Website Diese Website wird herausgegeben von:Pyxa SARue des Sablons 12,3960 Sierre, SchweizE-mail: info@pyxa.chCHE-227.631.708 Hosting Die Website wird gehostet von:Infomaniak Network SAAvenue de la Praille 26, 1227 Carougeinfomaniak.com Geistiges Eigentum Alle Inhalte auf dieser Website (Texte, Bilder, Logos, Videos usw.) sind das ausschlie\u00dfliche Eigentum von Pyxa SA, sofern nicht anders angegeben. Jede Vervielf\u00e4ltigung, Verbreitung, [&hellip;]<\/p>\n","protected":false},"author":1,"featured_media":0,"parent":0,"menu_order":0,"comment_status":"closed","ping_status":"closed","template":"","meta":{"_uag_custom_page_level_css":"","footnotes":""},"class_list":["post-2384","page","type-page","status-publish","hentry"],"spectra_custom_meta":{"_wpml_media_duplicate":["1"],"_wpml_media_featured":["1"],"_top_nav_excluded":[""],"_cms_nav_minihome":[""],"_last_translation_edit_mode":["native-editor"],"_wpml_word_count":["271"],"_wp_page_template":[""],"_edit_lock":["1748038152:1"],"rank_math_seo_score":["65"],"_edit_last":["1"],"cmplz_hide_cookiebanner":[""],"litespeed_vpi_list":["a:1:{i:0;s:15:\"Pyxa-Logo-1.svg\";}"],"rank_math_analytic_object_id":["48"],"rank_math_auto_redirect":["a:1:{i:0;i:39;}"],"_genesis_title":["Rechtliche Hinweise | Rechtliche Hinweise von Pyxa"],"_genesis_description":["Lesen Sie die rechtlichen Hinweise von Pyxa: Informationen \u00fcber den Herausgeber der Website, das Hosting und die Nutzungsbedingungen."],"rank_math_title":["Rechtliche Hinweise Pyxa SA | Rechtliche Informationen"],"rank_math_description":["Lesen Sie die rechtlichen Hinweise von Pyxa SA: Informationen \u00fcber den Herausgeber der Website, das Hosting und die Nutzungsbedingungen."],"rank_math_focus_keyword":["Rechtliche Hinweise"],"_uag_custom_page_level_css":[""],"footnotes":[""],"_uag_css_file_name":["uag-css-2384.css"],"rank_math_internal_links_processed":["1"],"_uag_page_assets":["a:9:{s:3:\"css\";s:263:\".uag-blocks-common-selector{z-index:var(--z-index-desktop) !important}@media (max-width: 976px){.uag-blocks-common-selector{z-index:var(--z-index-tablet) !important}}@media (max-width: 767px){.uag-blocks-common-selector{z-index:var(--z-index-mobile) !important}}\n\";s:2:\"js\";s:0:\"\";s:18:\"current_block_list\";a:19:{i:0;s:10:\"core\/group\";i:4;s:22:\"wpml\/language-switcher\";i:6;s:14:\"core\/site-logo\";i:8;s:15:\"core\/navigation\";i:11;s:14:\"core\/paragraph\";i:12;s:15:\"core\/post-title\";i:15;s:17:\"core\/post-content\";i:18;s:12:\"core\/columns\";i:19;s:11:\"core\/column\";i:20;s:17:\"core\/social-links\";i:21;s:16:\"core\/social-link\";i:25;s:12:\"core\/heading\";i:26;s:11:\"core\/spacer\";i:27;s:10:\"core\/image\";i:28;s:11:\"core\/search\";i:29;s:17:\"core\/latest-posts\";i:30;s:20:\"core\/latest-comments\";i:31;s:13:\"core\/archives\";i:32;s:15:\"core\/categories\";}s:8:\"uag_flag\";b:0;s:11:\"uag_version\";s:10:\"1775728557\";s:6:\"gfonts\";a:0:{}s:10:\"gfonts_url\";s:0:\"\";s:12:\"gfonts_files\";a:0:{}s:14:\"uag_faq_layout\";b:0;}"]},"uagb_featured_image_src":{"full":false,"thumbnail":false,"medium":false,"medium_large":false,"large":false,"1536x1536":false,"2048x2048":false},"uagb_author_info":{"display_name":"Andreas Fischer","author_link":"https:\/\/www.pyxa.ch\/de\/author\/infopyxa-ch\/"},"uagb_comment_info":0,"uagb_excerpt":"Herausgeber der Website Diese Website wird herausgegeben von:Pyxa SARue des Sablons 12,3960 Sierre, SchweizE-mail: info@pyxa.chCHE-227.631.708 Hosting Die Website wird gehostet von:Infomaniak Network SAAvenue de la Praille 26, 1227 Carougeinfomaniak.com Geistiges Eigentum Alle Inhalte auf dieser Website (Texte, Bilder, Logos, Videos usw.) sind das ausschlie\u00dfliche Eigentum von Pyxa SA, sofern nicht anders angegeben. Jede Vervielf\u00e4ltigung, Verbreitung,&hellip;","_links":{"self":[{"href":"https:\/\/www.pyxa.ch\/de\/wp-json\/wp\/v2\/pages\/2384","targetHints":{"allow":["GET"]}}],"collection":[{"href":"https:\/\/www.pyxa.ch\/de\/wp-json\/wp\/v2\/pages"}],"about":[{"href":"https:\/\/www.pyxa.ch\/de\/wp-json\/wp\/v2\/types\/page"}],"author":[{"embeddable":true,"href":"https:\/\/www.pyxa.ch\/de\/wp-json\/wp\/v2\/users\/1"}],"replies":[{"embeddable":true,"href":"https:\/\/www.pyxa.ch\/de\/wp-json\/wp\/v2\/comments?post=2384"}],"version-history":[{"count":0,"href":"https:\/\/www.pyxa.ch\/de\/wp-json\/wp\/v2\/pages\/2384\/revisions"}],"wp:attachment":[{"href":"https:\/\/www.pyxa.ch\/de\/wp-json\/wp\/v2\/media?parent=2384"}],"curies":[{"name":"wp","href":"https:\/\/api.w.org\/{rel}","templated":true}]}}