{"id":2376,"date":"2025-01-13T15:16:52","date_gmt":"2025-01-13T14:16:52","guid":{"rendered":"https:\/\/www.pyxa.ch\/job\/"},"modified":"2025-05-11T20:53:21","modified_gmt":"2025-05-11T18:53:21","slug":"job","status":"publish","type":"page","link":"https:\/\/www.pyxa.ch\/de\/job\/","title":{"rendered":"Arbeiten bei Pyxa &#8211; Innovation, Einfachheit, Wirkung"},"content":{"rendered":"\n<div class=\"wp-block-group has-global-padding is-layout-constrained wp-block-group-is-layout-constrained\" style=\"padding-bottom:var(--wp--preset--spacing--50)\">\n<h2 class=\"wp-block-heading\"><strong>Schlie\u00dfen Sie sich dem Pyxa-Abenteuer an.<\/strong><\/h2>\n\n\n\n<p>Derzeit gibt es keine freien Stellen, aber die Geschichte geht weiter! Pyxa ist immer auf der Suche nach Talenten mit einer Leidenschaft f\u00fcr Digitalisierung und Innovation.<\/p>\n\n\n\n<p>Senden Sie uns eine Initiativbewerbung an <a href=\"mailto:info@pyxa.ch\">info@pyxa.ch<\/a> und teilen Sie uns Ihre F\u00e4higkeiten, Ihre Ambitionen und Ihre Motivation mit. Wer wei\u00df? Eine Gelegenheit k\u00f6nnte sich bald er\u00f6ffnen!<\/p>\n<\/div>\n","protected":false},"excerpt":{"rendered":"<p>Schlie\u00dfen Sie sich dem Pyxa-Abenteuer an. Derzeit gibt es keine freien Stellen, aber die Geschichte geht weiter! Pyxa ist immer auf der Suche nach Talenten mit einer Leidenschaft f\u00fcr Digitalisierung und Innovation. Senden Sie uns eine Initiativbewerbung an info@pyxa.ch und teilen Sie uns Ihre F\u00e4higkeiten, Ihre Ambitionen und Ihre Motivation mit. Wer wei\u00df? Eine Gelegenheit [&hellip;]<\/p>\n","protected":false},"author":1,"featured_media":0,"parent":0,"menu_order":0,"comment_status":"closed","ping_status":"closed","template":"","meta":{"_uag_custom_page_level_css":"","footnotes":""},"class_list":["post-2376","page","type-page","status-publish","hentry"],"spectra_custom_meta":{"_top_nav_excluded":[""],"_cms_nav_minihome":[""],"_last_translation_edit_mode":["translation-editor"],"_wpml_word_count":["77"],"_wp_page_template":[""],"_wpml_media_duplicate":["1"],"_wpml_media_featured":["1"],"rank_math_seo_score":["64"],"_edit_lock":["1744642712:1"],"_edit_last":["1"],"cmplz_hide_cookiebanner":[""],"litespeed_vpi_list":["a:1:{i:0;s:15:\"Pyxa-Logo-1.svg\";}"],"rank_math_analytic_object_id":["47"],"_genesis_title":["Kommen Sie zu Pyxa | Chancen und Karriere"],"_genesis_description":["M\u00f6chten Sie Teil von Pyxa werden? Erfahren Sie mehr \u00fcber unsere Werte und wie Sie mit uns zusammenarbeiten k\u00f6nnen, um innovative und erfolgreiche digitale L\u00f6sungen zu schaffen."],"rank_math_title":["Kommen Sie zu Pyxa | Chancen und Karriere"],"rank_math_description":["M\u00f6chten Sie Teil von Pyxa werden? Erfahren Sie mehr \u00fcber unsere Werte und wie Sie mit uns zusammenarbeiten k\u00f6nnen, um innovative und erfolgreiche digitale L\u00f6sungen zu schaffen."],"rank_math_focus_keyword":["pyxa,Arbeiten im digitalen Bereich"],"_uag_css_file_name":["uag-css-2376.css"],"rank_math_internal_links_processed":["1"],"_uag_page_assets":["a:9:{s:3:\"css\";s:260:\".uag-blocks-common-selector{z-index:var(--z-index-desktop) !important}@media(max-width: 976px){.uag-blocks-common-selector{z-index:var(--z-index-tablet) !important}}@media(max-width: 767px){.uag-blocks-common-selector{z-index:var(--z-index-mobile) !important}}\";s:2:\"js\";s:0:\"\";s:18:\"current_block_list\";a:19:{i:0;s:10:\"core\/group\";i:4;s:22:\"wpml\/language-switcher\";i:6;s:14:\"core\/site-logo\";i:8;s:15:\"core\/navigation\";i:11;s:14:\"core\/paragraph\";i:12;s:15:\"core\/post-title\";i:15;s:17:\"core\/post-content\";i:18;s:12:\"core\/columns\";i:19;s:11:\"core\/column\";i:20;s:17:\"core\/social-links\";i:21;s:16:\"core\/social-link\";i:25;s:12:\"core\/heading\";i:26;s:11:\"core\/spacer\";i:27;s:10:\"core\/image\";i:28;s:11:\"core\/search\";i:29;s:17:\"core\/latest-posts\";i:30;s:20:\"core\/latest-comments\";i:31;s:13:\"core\/archives\";i:32;s:15:\"core\/categories\";}s:8:\"uag_flag\";b:0;s:11:\"uag_version\";s:10:\"1778178902\";s:6:\"gfonts\";a:0:{}s:10:\"gfonts_url\";s:0:\"\";s:12:\"gfonts_files\";a:0:{}s:14:\"uag_faq_layout\";b:0;}"]},"uagb_featured_image_src":{"full":false,"thumbnail":false,"medium":false,"medium_large":false,"large":false,"1536x1536":false,"2048x2048":false},"uagb_author_info":{"display_name":"Andreas Fischer","author_link":"https:\/\/www.pyxa.ch\/de\/author\/infopyxa-ch\/"},"uagb_comment_info":0,"uagb_excerpt":"Schlie\u00dfen Sie sich dem Pyxa-Abenteuer an. Derzeit gibt es keine freien Stellen, aber die Geschichte geht weiter! Pyxa ist immer auf der Suche nach Talenten mit einer Leidenschaft f\u00fcr Digitalisierung und Innovation. Senden Sie uns eine Initiativbewerbung an info@pyxa.ch und teilen Sie uns Ihre F\u00e4higkeiten, Ihre Ambitionen und Ihre Motivation mit. Wer wei\u00df? Eine Gelegenheit&hellip;","_links":{"self":[{"href":"https:\/\/www.pyxa.ch\/de\/wp-json\/wp\/v2\/pages\/2376","targetHints":{"allow":["GET"]}}],"collection":[{"href":"https:\/\/www.pyxa.ch\/de\/wp-json\/wp\/v2\/pages"}],"about":[{"href":"https:\/\/www.pyxa.ch\/de\/wp-json\/wp\/v2\/types\/page"}],"author":[{"embeddable":true,"href":"https:\/\/www.pyxa.ch\/de\/wp-json\/wp\/v2\/users\/1"}],"replies":[{"embeddable":true,"href":"https:\/\/www.pyxa.ch\/de\/wp-json\/wp\/v2\/comments?post=2376"}],"version-history":[{"count":0,"href":"https:\/\/www.pyxa.ch\/de\/wp-json\/wp\/v2\/pages\/2376\/revisions"}],"wp:attachment":[{"href":"https:\/\/www.pyxa.ch\/de\/wp-json\/wp\/v2\/media?parent=2376"}],"curies":[{"name":"wp","href":"https:\/\/api.w.org\/{rel}","templated":true}]}}